{"id":214,"date":"2018-03-09T15:00:25","date_gmt":"2018-03-09T15:00:25","guid":{"rendered":"https:\/\/mueller-bestattung.at\/?page_id=214"},"modified":"2026-02-16T14:40:01","modified_gmt":"2026-02-16T14:40:01","slug":"lageplan","status":"publish","type":"page","link":"https:\/\/mueller-bestattung.at\/index.php\/lageplan\/","title":{"rendered":"Lageplan"},"content":{"rendered":"\n<div align=\"center\">6020 Innsbruck Amraser Stra\u00dfe 99<\/div>\n<div id=\"metaslider-id-2353\" style=\"max-width: 700px;\" class=\"ml-slider-3-107-0 metaslider metaslider-nivo metaslider-2353 ml-slider has-dots-nav ml-slider-lightbox-2-22-0 lightbox-disabled ms-theme-default\" role=\"region\" aria-label=\"Buero\" data-height=\"400\" data-width=\"700\">\n    <div id=\"metaslider_container_2353\">\n        <div class='slider-wrapper theme-default'><div class='ribbon'><\/div><div id='metaslider_2353' class='nivoSlider'><img loading=\"lazy\" decoding=\"async\" src=\"https:\/\/mueller-bestattung.at\/wp-content\/uploads\/2019\/07\/Fassade-700x400.jpg\" height=\"400\" width=\"700\" data-caption=\"Au&szlig;enansicht\" title=\"Fassade\" alt=\"\" class=\"slider-2353 slide-2376 msDefaultImage\" \/><img loading=\"lazy\" decoding=\"async\" src=\"https:\/\/mueller-bestattung.at\/wp-content\/uploads\/2019\/01\/GA1-700x400.jpg\" height=\"400\" width=\"700\" data-caption=\"Besuch aus Ghana\" title=\"GA1\" alt=\"\" class=\"slider-2353 slide-2377 msDefaultImage\" \/><img loading=\"lazy\" decoding=\"async\" src=\"https:\/\/mueller-bestattung.at\/wp-content\/uploads\/2019\/01\/ER2-700x400.jpg\" height=\"400\" width=\"700\" data-caption=\"Empfang\" title=\"ER2\" alt=\"\" class=\"slider-2353 slide-2372 msDefaultImage\" \/><img loading=\"lazy\" decoding=\"async\" src=\"https:\/\/mueller-bestattung.at\/wp-content\/uploads\/2019\/01\/ER1-700x400.jpg\" height=\"400\" width=\"700\" data-caption=\"Empfang\" title=\"ER1\" alt=\"\" class=\"slider-2353 slide-2373 msDefaultImage\" \/><img loading=\"lazy\" decoding=\"async\" src=\"https:\/\/mueller-bestattung.at\/wp-content\/uploads\/2019\/01\/BR1-700x400.jpg\" height=\"400\" width=\"700\" data-caption=\"Besprechung\" title=\"BR1\" alt=\"\" class=\"slider-2353 slide-2371 msDefaultImage\" \/><img loading=\"lazy\" decoding=\"async\" src=\"https:\/\/mueller-bestattung.at\/wp-content\/uploads\/2019\/01\/SR2-700x400.jpg\" height=\"400\" width=\"700\" data-caption=\"Schauraum\" title=\"SR2\" alt=\"\" class=\"slider-2353 slide-2354 msDefaultImage\" \/><img loading=\"lazy\" decoding=\"async\" src=\"https:\/\/mueller-bestattung.at\/wp-content\/uploads\/2019\/01\/SR3-700x400.jpg\" height=\"400\" width=\"700\" data-caption=\"Schauraum\" title=\"SR3\" alt=\"\" class=\"slider-2353 slide-2355 msDefaultImage\" \/><img loading=\"lazy\" decoding=\"async\" src=\"https:\/\/mueller-bestattung.at\/wp-content\/uploads\/2019\/01\/SR1-700x400.jpg\" height=\"400\" width=\"700\" data-caption=\"Schauraum\" title=\"SR1\" alt=\"\" class=\"slider-2353 slide-2356 msDefaultImage\" \/><img loading=\"lazy\" decoding=\"async\" src=\"https:\/\/mueller-bestattung.at\/wp-content\/uploads\/2019\/01\/ZE1-700x400.jpg\" height=\"400\" width=\"700\" data-caption=\"Gro&szlig;er Abschiednahmeraum im Trauerzentrum &lt;font color=&quot;#ea690a&quot;&gt;&lt;b&gt;Bestattung&lt;\/b&gt;und&lt;b&gt;mehr&lt;\/b&gt;&lt;\/font&gt;\" title=\"ZE1\" alt=\"\" class=\"slider-2353 slide-2389 msDefaultImage\" \/><img loading=\"lazy\" decoding=\"async\" src=\"https:\/\/mueller-bestattung.at\/wp-content\/uploads\/2019\/01\/ZE2-700x400.jpg\" height=\"400\" width=\"700\" data-caption=\"Kleiner Abschiednahmeraum im Trauerzentrum &lt;font color=&quot;#ea690a&quot;&gt;&lt;b&gt;Bestattung&lt;\/b&gt;und&lt;b&gt;mehr&lt;\/b&gt;&lt;\/font&gt;\" title=\"ZE2\" alt=\"\" class=\"slider-2353 slide-2390 msDefaultImage\" \/><img loading=\"lazy\" decoding=\"async\" src=\"https:\/\/mueller-bestattung.at\/wp-content\/uploads\/2019\/01\/ZE3-700x400.jpg\" height=\"400\" width=\"700\" data-caption=\"Thanatopraxie und K&uuml;hlung im Trauerzentrum &lt;font color=&quot;#ea690a&quot;&gt;&lt;b&gt;Bestattung&lt;\/b&gt;und&lt;b&gt;mehr&lt;\/b&gt;&lt;\/font&gt;\" title=\"ZE3\" alt=\"\" class=\"slider-2353 slide-2391 msDefaultImage\" \/><\/div><\/div>\n        \n    <\/div>\n<\/div>\n<div align=\"justify\">\nDas B\u00fcro befindet sich Ecke Amraser Stra\u00dfe und Gerhart-Hauptmann-Stra\u00dfe, direkt beim <b>Pradler Friedhof<\/b>. Vor dem Gesch\u00e4ftslokal gibt es einen <b>Kundenparkplatz<\/b>, die Haltestelle &#8220;Pradler Friedhof&#8221; der <b>Stra\u00dfenbahnlinie 3<\/b> ist praktisch vor der Eingangst\u00fcr<br>\n<\/div>\n&nbsp;<div align=\"center\"><iframe loading=\"lazy\" width=\"585\" height=\"490\" frameborder=\"0\" scrolling=\"no\" marginheight=\"0\" marginwidth=\"0\" src=\"https:\/\/www.openstreetmap.org\/export\/embed.html?bbox=11.419491469860079,47.258547933107025,11.423031985759737,47.26015349416678&amp;layer=mapnik&amp;marker=47.259350719722846,11.421261727809906\" style=\"border: 1px solid black\"><\/iframe><br\/><a href=\"https:\/\/www.openstreetmap.org\/?mlat=47.25935&amp;mlon=11.42126#map=19\/47.25935\/11.42126\">Gr\u00f6\u00dfere Karte anzeigen<\/a><br><a href=\"https:\/\/www.google.at\/maps\/dir\/?api=1&#038;travelmode=driving&#038;destination=Amraser Stra\u00dfe 99+6020+Innsbruck\">Route planen<\/a><\/div>\n","protected":false},"excerpt":{"rendered":"<p>6020 Innsbruck Amraser Stra\u00dfe 99 Das B\u00fcro befindet sich Ecke Amraser Stra\u00dfe und Gerhart-Hauptmann-Stra\u00dfe, direkt beim Pradler Friedhof. Vor dem Gesch\u00e4ftslokal gibt es einen Kundenparkplatz, die Haltestelle &#8220;Pradler Friedhof&#8221; der Stra\u00dfenbahnlinie 3 ist praktisch vor der Eingangst\u00fcr &nbsp; Gr\u00f6\u00dfere Karte anzeigenRoute planen<\/p>\n","protected":false},"author":2,"featured_media":0,"parent":0,"menu_order":0,"comment_status":"closed","ping_status":"closed","template":"","meta":{"footnotes":""},"class_list":["post-214","page","type-page","status-publish","hentry"],"_links":{"self":[{"href":"https:\/\/mueller-bestattung.at\/index.php\/wp-json\/wp\/v2\/pages\/214","targetHints":{"allow":["GET"]}}],"collection":[{"href":"https:\/\/mueller-bestattung.at\/index.php\/wp-json\/wp\/v2\/pages"}],"about":[{"href":"https:\/\/mueller-bestattung.at\/index.php\/wp-json\/wp\/v2\/types\/page"}],"author":[{"embeddable":true,"href":"https:\/\/mueller-bestattung.at\/index.php\/wp-json\/wp\/v2\/users\/2"}],"replies":[{"embeddable":true,"href":"https:\/\/mueller-bestattung.at\/index.php\/wp-json\/wp\/v2\/comments?post=214"}],"version-history":[{"count":0,"href":"https:\/\/mueller-bestattung.at\/index.php\/wp-json\/wp\/v2\/pages\/214\/revisions"}],"wp:attachment":[{"href":"https:\/\/mueller-bestattung.at\/index.php\/wp-json\/wp\/v2\/media?parent=214"}],"curies":[{"name":"wp","href":"https:\/\/api.w.org\/{rel}","templated":true}]}}