{"id":2393,"date":"2019-01-21T09:46:32","date_gmt":"2019-01-21T09:46:32","guid":{"rendered":"https:\/\/mueller-bestattung.at\/?page_id=2393"},"modified":"2026-02-16T14:41:05","modified_gmt":"2026-02-16T14:41:05","slug":"parten-inserate-und-trauerbilder","status":"publish","type":"page","link":"https:\/\/mueller-bestattung.at\/index.php\/parten-inserate-und-trauerbilder\/","title":{"rendered":"Parten, Inserate und Trauerbilder"},"content":{"rendered":"\n<div align=\"justify\">\nDie Benachrichtigung der \u00d6ffentlichkeit bez\u00fcglich eines Todesfalles erfolgt bei uns haupts\u00e4chlich durch <a href=\"https:\/\/traueranzeigen.tt.com\/\" target=\"_blank\">Zeitungsinserate<\/a>. Aber auch Parten haben noch keineswegs ausgedient: Sie sind so etwas wie die &#8216;offizielle Einladung&#8217; zur Trauerfeier und finden sich auf den diversen <a href=\"https:\/\/www.trauerhilfe.at\/todesanzeigen\/\" target=\"_blank\">Partenplattformen<\/a> auch im Internet. Trauerbilder (auch Sterbebildchen) wiederum dienen dem Andenken an den Verstorbenen und sind im alpenl\u00e4ndischen Raum nach wie vor sehr verbreitet.<\/div>\n<p>&nbsp;<br>\n&nbsp;<br>\n<\/p><table class=\"hometable\">\n<tbody>\n<tr>\n<td>\n<div style=\"text-align: center; font-size: 20px;\">Anteil bei Beerdigungen in %<\/div>\n<div style=\"text-align: center; font-size: 14px;\"><font color=\"red\"><b>\u2014 \u2022 \u2014 \u2022 \u2014  Parten<\/b><\/font>&nbsp;&nbsp;&nbsp;&nbsp;&nbsp;<font color=\"blue\"><b>\u2014 \u2022 \u2014 \u2022 \u2014  Trauerbilder<\/b><\/font>&nbsp;&nbsp;&nbsp;&nbsp;&nbsp;<font color=\"green\"><b>\u2014 \u2022 \u2014 \u2022 \u2014  Zeitungsinserate<\/b><\/font><\/div>\n<\/td>\n<\/tr>\n<tr>\n<td>[xyz-ips snippet=&#8221;Nachricht&#8221;]<\/td>\n<\/tr>\n<\/tbody>\n<\/table>\n","protected":false},"excerpt":{"rendered":"<p>Die Benachrichtigung der \u00d6ffentlichkeit bez\u00fcglich eines Todesfalles erfolgt bei uns haupts\u00e4chlich durch Zeitungsinserate. Aber auch Parten haben noch keineswegs ausgedient: Sie sind so etwas wie die &#8216;offizielle Einladung&#8217; zur Trauerfeier und finden sich auf den diversen Partenplattformen auch im Internet. Trauerbilder (auch Sterbebildchen) wiederum dienen dem Andenken an den Verstorbenen und sind im alpenl\u00e4ndischen Raum &hellip; <a href=\"https:\/\/mueller-bestattung.at\/index.php\/parten-inserate-und-trauerbilder\/\" class=\"more-link\"><span class=\"screen-reader-text\">Parten, Inserate und Trauerbilder<\/span> weiterlesen<\/a><\/p>\n","protected":false},"author":2,"featured_media":0,"parent":0,"menu_order":0,"comment_status":"closed","ping_status":"closed","template":"","meta":{"footnotes":""},"class_list":["post-2393","page","type-page","status-publish","hentry"],"_links":{"self":[{"href":"https:\/\/mueller-bestattung.at\/index.php\/wp-json\/wp\/v2\/pages\/2393","targetHints":{"allow":["GET"]}}],"collection":[{"href":"https:\/\/mueller-bestattung.at\/index.php\/wp-json\/wp\/v2\/pages"}],"about":[{"href":"https:\/\/mueller-bestattung.at\/index.php\/wp-json\/wp\/v2\/types\/page"}],"author":[{"embeddable":true,"href":"https:\/\/mueller-bestattung.at\/index.php\/wp-json\/wp\/v2\/users\/2"}],"replies":[{"embeddable":true,"href":"https:\/\/mueller-bestattung.at\/index.php\/wp-json\/wp\/v2\/comments?post=2393"}],"version-history":[{"count":0,"href":"https:\/\/mueller-bestattung.at\/index.php\/wp-json\/wp\/v2\/pages\/2393\/revisions"}],"wp:attachment":[{"href":"https:\/\/mueller-bestattung.at\/index.php\/wp-json\/wp\/v2\/media?parent=2393"}],"curies":[{"name":"wp","href":"https:\/\/api.w.org\/{rel}","templated":true}]}}