{"id":248,"date":"2018-03-09T19:37:40","date_gmt":"2018-03-09T19:37:40","guid":{"rendered":"https:\/\/mueller-bestattung.at\/?page_id=248"},"modified":"2026-02-16T14:42:05","modified_gmt":"2026-02-16T14:42:05","slug":"thanatopraxie","status":"publish","type":"page","link":"https:\/\/mueller-bestattung.at\/index.php\/thanatopraxie\/","title":{"rendered":"Thanatopraxie"},"content":{"rendered":"<audio class=\"wp-audio-shortcode\" id=\"audio-248-1\" preload=\"none\" style=\"width: 100%;\" controls=\"controls\"><source type=\"audio\/mpeg\" src=\"https:\/\/platzer-bestattung.at\/voices\/thanatopraxie.m4a?_=1\" \/><a href=\"https:\/\/platzer-bestattung.at\/voices\/thanatopraxie.m4a\">https:\/\/platzer-bestattung.at\/voices\/thanatopraxie.m4a<\/a><\/audio>\n<div align=\"center\"><i><br \/>\nWas bl\u00fcht, vergeht,<br \/>\ndas ist der Weg aller Dinge<br \/>\nin dieser Welt der Blumen.<\/i><br \/>\nKiko<\/div>\n<div align=\"justify\">Thantopraxie ist ein Kunstbegriff, der <b>Thanatos<\/b> (ein griechischer Gott des Todes &#8211; Zwillingbruder von Hypnos, dem Gott des Schlafes) mit dem praktischen Begriff der Handhabung verbindet. Thanatopraxie ist die Kunst der Konservierung und optischen Wiederherstellung Verstorbener. Der Ursprung der Thanatopraxie findet sich bereits in der Antike. Schon vor \u00fcber 4000 Jahren wurden die \u00e4gyptischen Pharaonen mit erstaunlich wirkungsvollen Methoden f\u00fcr ihr Leben nach dem Tod einbalsamiert.<\/p>\n<table border=\"0\" align=\"center\">\n<tbody>\n<tr>\n<td colspan=\"2\"><img decoding=\"async\" class=\"foto zoomify\" src=\"https:\/\/mueller-bestattung.at\/wp-content\/uploads\/2020\/11\/Anubis.jpg\" alt=\"thanatologie_01\" width=\"375\" \/><\/td>\n<\/tr>\n<\/tbody>\n<\/table>\n<p><span style=\"font-size: 1.3em;\">Modern Embalming<\/span><\/p>\n<p>Der Thanatopraktiker bedient sich modernster Kenntnisse in den Bereichen menschlichen Anatomie, Chemie und Technik um den Verstorbenen zu versorgen. Damit verz\u00f6gert er den nat\u00fcrlich einsetzenden Verwesungsprozess und verhindert die Geruchsbildung. Bei Unf\u00e4llen die zur Entstellung von Verstorbenen gef\u00fchrt haben, setzt er restaurative und kosmetische Ma\u00dfnahmen. Damit soll den Angeh\u00f6rigen ein ungest\u00f6rter Abschied von ihrem lieben Verstorbenen erm\u00f6glicht werden.<br \/>\nEinbalsamierungen werden von uns durchgef\u00fchrt, wenn es notwendig ist eine Bestattungen mehr als 10 Tage hinauszuz\u00f6gern, oder wenn sie gesetzlich vorgeschrieben sind &#8211; was bei \u00dcberf\u00fchrungen ins Ausland durchaus vorkommen kann.<\/p>\n<\/div>\n","protected":false},"excerpt":{"rendered":"<p>Was bl\u00fcht, vergeht, das ist der Weg aller Dinge in dieser Welt der Blumen. Kiko Thantopraxie ist ein Kunstbegriff, der Thanatos (ein griechischer Gott des Todes &#8211; Zwillingbruder von Hypnos, dem Gott des Schlafes) mit dem praktischen Begriff der Handhabung verbindet. Thanatopraxie ist die Kunst der Konservierung und optischen Wiederherstellung Verstorbener. Der Ursprung der Thanatopraxie &hellip; <a href=\"https:\/\/mueller-bestattung.at\/index.php\/thanatopraxie\/\" class=\"more-link\"><span class=\"screen-reader-text\">Thanatopraxie<\/span> weiterlesen<\/a><\/p>\n","protected":false},"author":2,"featured_media":0,"parent":0,"menu_order":0,"comment_status":"closed","ping_status":"closed","template":"","meta":{"footnotes":""},"class_list":["post-248","page","type-page","status-publish","hentry"],"_links":{"self":[{"href":"https:\/\/mueller-bestattung.at\/index.php\/wp-json\/wp\/v2\/pages\/248","targetHints":{"allow":["GET"]}}],"collection":[{"href":"https:\/\/mueller-bestattung.at\/index.php\/wp-json\/wp\/v2\/pages"}],"about":[{"href":"https:\/\/mueller-bestattung.at\/index.php\/wp-json\/wp\/v2\/types\/page"}],"author":[{"embeddable":true,"href":"https:\/\/mueller-bestattung.at\/index.php\/wp-json\/wp\/v2\/users\/2"}],"replies":[{"embeddable":true,"href":"https:\/\/mueller-bestattung.at\/index.php\/wp-json\/wp\/v2\/comments?post=248"}],"version-history":[{"count":0,"href":"https:\/\/mueller-bestattung.at\/index.php\/wp-json\/wp\/v2\/pages\/248\/revisions"}],"wp:attachment":[{"href":"https:\/\/mueller-bestattung.at\/index.php\/wp-json\/wp\/v2\/media?parent=248"}],"curies":[{"name":"wp","href":"https:\/\/api.w.org\/{rel}","templated":true}]}}