{"id":2480,"date":"2020-03-26T14:02:42","date_gmt":"2020-03-26T14:02:42","guid":{"rendered":"https:\/\/mueller-bestattung.at\/?page_id=2480"},"modified":"2026-02-16T14:41:14","modified_gmt":"2026-02-16T14:41:14","slug":"partenvorlagen","status":"publish","type":"page","link":"https:\/\/mueller-bestattung.at\/index.php\/partenvorlagen\/","title":{"rendered":"Partenvorlagen"},"content":{"rendered":"<div align=\"justify\">Parten werden \u00fcblicherweise beim Friedhof, bei der Kirche und am Trauerhaus angeschlagen. Bez\u00fcglich der Reichweite k\u00f6nnen postalisch versandten Parten mit einer Internetplattform wie etwa der <a href=\"https:\/\/trauerhilfe.at\" target=\"_blank\" rel=\"noopener noreferrer\">TrauerHilfe<\/a> nat\u00fcrlich nicht mithalten. Da sie aber eine offizielle Einladung zur Beerdigung darstellen, haben Parten in Papierform nach wie vor ihre Berechtigung. F\u00fcr Parten gilt \u00fcbrigens \u00e4hnliches wie f\u00fcr Trauerbilder: Individualisierung durch Motive, die einen Bezug zum Verstorbenen herstellen werden immer \u00f6fter gew\u00fcnscht und von uns nat\u00fcrlich auch angeboten.<br \/>\n&nbsp;<br \/>\nNachfolgenden finden Sie unsere Standardvorlagen f\u00fcr Parten:<br \/>\n&nbsp;<\/div>\n<table>\n<tbody>\n<tr align=\"center\">\n<td>[xyz-ips snippet=&#8221;ParteShow&#8221;]<\/td>\n<\/tr>\n<\/tbody>\n<\/table>\n","protected":false},"excerpt":{"rendered":"<p>Parten werden \u00fcblicherweise beim Friedhof, bei der Kirche und am Trauerhaus angeschlagen. Bez\u00fcglich der Reichweite k\u00f6nnen postalisch versandten Parten mit einer Internetplattform wie etwa der TrauerHilfe nat\u00fcrlich nicht mithalten. Da sie aber eine offizielle Einladung zur Beerdigung darstellen, haben Parten in Papierform nach wie vor ihre Berechtigung. F\u00fcr Parten gilt \u00fcbrigens \u00e4hnliches wie f\u00fcr Trauerbilder: &hellip; <a href=\"https:\/\/mueller-bestattung.at\/index.php\/partenvorlagen\/\" class=\"more-link\"><span class=\"screen-reader-text\">Partenvorlagen<\/span> weiterlesen<\/a><\/p>\n","protected":false},"author":2,"featured_media":0,"parent":0,"menu_order":0,"comment_status":"closed","ping_status":"closed","template":"","meta":{"footnotes":""},"class_list":["post-2480","page","type-page","status-publish","hentry"],"_links":{"self":[{"href":"https:\/\/mueller-bestattung.at\/index.php\/wp-json\/wp\/v2\/pages\/2480","targetHints":{"allow":["GET"]}}],"collection":[{"href":"https:\/\/mueller-bestattung.at\/index.php\/wp-json\/wp\/v2\/pages"}],"about":[{"href":"https:\/\/mueller-bestattung.at\/index.php\/wp-json\/wp\/v2\/types\/page"}],"author":[{"embeddable":true,"href":"https:\/\/mueller-bestattung.at\/index.php\/wp-json\/wp\/v2\/users\/2"}],"replies":[{"embeddable":true,"href":"https:\/\/mueller-bestattung.at\/index.php\/wp-json\/wp\/v2\/comments?post=2480"}],"version-history":[{"count":0,"href":"https:\/\/mueller-bestattung.at\/index.php\/wp-json\/wp\/v2\/pages\/2480\/revisions"}],"wp:attachment":[{"href":"https:\/\/mueller-bestattung.at\/index.php\/wp-json\/wp\/v2\/media?parent=2480"}],"curies":[{"name":"wp","href":"https:\/\/api.w.org\/{rel}","templated":true}]}}