{"id":2498,"date":"2020-11-25T10:51:16","date_gmt":"2020-11-25T10:51:16","guid":{"rendered":"https:\/\/mueller-bestattung.at\/?page_id=2498"},"modified":"2026-02-16T14:38:36","modified_gmt":"2026-02-16T14:38:36","slug":"aufbahrungen","status":"publish","type":"page","link":"https:\/\/mueller-bestattung.at\/index.php\/aufbahrungen\/","title":{"rendered":"Aufbahrungen"},"content":{"rendered":"<div align=\"justify\">Die klassische Aufbahrung am Friedhof ist &#8211; vor allem im Stadtgebiet Innsbruck &#8211; r\u00fcckl\u00e4ufig. Demgegen\u00fcber beobachten wir einen starken Anstieg bei den offenen Aufbahrungen, die wir im Trauerzentrum der <span style=\"color: #ea690a;\"><b>Bestattung<\/b>und<b>mehr<\/b><\/span> in der Sch\u00f6pfstra\u00dfe 37 durchf\u00fchren. Daf\u00fcr braucht es neben den <a href=\"index.php\\abschied-nehmen\" target=\"_blank\" rel=\"noopener noreferrer\">geeigneten R\u00e4umlichkeiten<\/a> nat\u00fcrlich auch das entsprechend <a href=\"index.php\\thanatopraxie\" target=\"_blank\" rel=\"noopener noreferrer\">geschulte Personal<\/a> f\u00fcr die Versorgung des Verstorbenen.<br \/>\nLeider gibt es noch etliche Kollegen, die \u00fcber beides nicht verf\u00fcgen. Wenn Ihnen ein stimmiger letzter Abschied von ihrem lieben Verstorbenen in w\u00fcrdiger Umgebung wichtig ist, informieren Sie sich bitte beim Bestatter ihrer Wahl schon <b>vorher<\/b>, ob und wie er diese Dienstleistung \u00fcberhaupt anbieten kann!<br \/>\nBeachten Sie bitte beim untenstehenden Diagramm, dass wir die offenen Aufbahrungen erst seit Mitte 2012 in der Datenbank erfassen.<\/div>\n<p>&nbsp;<\/p>\n<table class=\"hometable\">\n<tbody>\n<tr>\n<td>\n<div style=\"text-align: center; font-size: 20px;\">Anteil Aufbahrungen in %<\/div>\n<div style=\"text-align: center; font-size: 14px;\"><span style=\"color: red;\"><b>\u2014 \u2022 \u2014 \u2022 \u2014 geschlossene<\/b><\/span>&nbsp;&nbsp;&nbsp;&nbsp;&nbsp;<span style=\"color: blue;\"><b>\u2014 \u2022 \u2014 \u2022 \u2014 offene<\/b><\/span><\/div>\n<\/td>\n<\/tr>\n<tr>\n<td>[xyz-ips snippet=&#8221;Aufbahrung&#8221;]<\/td>\n<\/tr>\n<\/tbody>\n<\/table>\n","protected":false},"excerpt":{"rendered":"<p>Die klassische Aufbahrung am Friedhof ist &#8211; vor allem im Stadtgebiet Innsbruck &#8211; r\u00fcckl\u00e4ufig. Demgegen\u00fcber beobachten wir einen starken Anstieg bei den offenen Aufbahrungen, die wir im Trauerzentrum der Bestattungundmehr in der Sch\u00f6pfstra\u00dfe 37 durchf\u00fchren. Daf\u00fcr braucht es neben den geeigneten R\u00e4umlichkeiten nat\u00fcrlich auch das entsprechend geschulte Personal f\u00fcr die Versorgung des Verstorbenen. Leider gibt &hellip; <a href=\"https:\/\/mueller-bestattung.at\/index.php\/aufbahrungen\/\" class=\"more-link\"><span class=\"screen-reader-text\">Aufbahrungen<\/span> weiterlesen<\/a><\/p>\n","protected":false},"author":2,"featured_media":0,"parent":0,"menu_order":0,"comment_status":"closed","ping_status":"closed","template":"","meta":{"footnotes":""},"class_list":["post-2498","page","type-page","status-publish","hentry"],"_links":{"self":[{"href":"https:\/\/mueller-bestattung.at\/index.php\/wp-json\/wp\/v2\/pages\/2498","targetHints":{"allow":["GET"]}}],"collection":[{"href":"https:\/\/mueller-bestattung.at\/index.php\/wp-json\/wp\/v2\/pages"}],"about":[{"href":"https:\/\/mueller-bestattung.at\/index.php\/wp-json\/wp\/v2\/types\/page"}],"author":[{"embeddable":true,"href":"https:\/\/mueller-bestattung.at\/index.php\/wp-json\/wp\/v2\/users\/2"}],"replies":[{"embeddable":true,"href":"https:\/\/mueller-bestattung.at\/index.php\/wp-json\/wp\/v2\/comments?post=2498"}],"version-history":[{"count":0,"href":"https:\/\/mueller-bestattung.at\/index.php\/wp-json\/wp\/v2\/pages\/2498\/revisions"}],"wp:attachment":[{"href":"https:\/\/mueller-bestattung.at\/index.php\/wp-json\/wp\/v2\/media?parent=2498"}],"curies":[{"name":"wp","href":"https:\/\/api.w.org\/{rel}","templated":true}]}}