{"id":263,"date":"2018-03-09T19:51:48","date_gmt":"2018-03-09T19:51:48","guid":{"rendered":"https:\/\/mueller-bestattung.at\/?page_id=263"},"modified":"2026-02-16T14:38:25","modified_gmt":"2026-02-16T14:38:25","slug":"abschied-nehmen","status":"publish","type":"page","link":"https:\/\/mueller-bestattung.at\/index.php\/abschied-nehmen\/","title":{"rendered":"Abschied nehmen"},"content":{"rendered":"<audio class=\"wp-audio-shortcode\" id=\"audio-263-1\" preload=\"none\" style=\"width: 100%;\" controls=\"controls\"><source type=\"audio\/mpeg\" src=\"https:\/\/platzer-bestattung.at\/voices\/abschiednehmen.m4a?_=1\" \/><a href=\"https:\/\/platzer-bestattung.at\/voices\/abschiednehmen.m4a\">https:\/\/platzer-bestattung.at\/voices\/abschiednehmen.m4a<\/a><\/audio>\n<p><strong>&#8220;Es f\u00fchrt kein Weg an der Trauer vorbei, sondern nur durch sie hindurch.&#8221;<\/strong><br \/>\n(Jorgos Canacakis)<\/p>\n<p><strong>Ein letztes Mal sehen, ber\u00fchren und begreifen<\/strong><\/p>\n<div align=\"justify\"><img decoding=\"async\" class=\"foto zoomify imglinks\" src=\"https:\/\/mueller-bestattung.at\/wp-content\/uploads\/2020\/11\/Abschied.jpg\" width=\"300\">Es ist uns wichtig, dass jeder Verstorbene w\u00fcrdevoll versorgt und eingesargt wird. Die Angeh\u00f6rigen k\u00f6nnen sich in diesem Bewusstsein jederzeit dazu entschlie\u00dfen, ihren lieben Verstorbenen noch einmal zu sehen. Ein friedliches und w\u00fcrdevolles letztes Bild f\u00fcr die Angeh\u00f6rigen wird durch eine fachgerechte hygienische Grundversorgung erreicht.<br \/>\nWir k\u00f6nnen den Angeh\u00f6rigen die zu leistende Trauerarbeit nicht abnehmen. Wir k\u00f6nnen aber einen gelungenen und lebensf\u00f6rdernden Start in den Trauerprozess unterst\u00fctzen:<br \/>\nDurch Beratung, Weitervermittlung und Begleitung der Angeh\u00f6rigen bei einem Abschied am offenen Sarg. Wir arbeiten eng mit anderen Institutionen und Hilfseinrichtungen zusammen (z.B. Kriseninterventionsteam Roten Kreuz, Caritas, Tiroler Hospizgemeinschaft, etc.) und vermitteln gerne Kontakte, wenn dies angebracht erscheint.&nbsp;<\/p>\n<p><b>Kinder beim Abschied<\/b><br \/>\nEs betrifft die ganze Familie, wenn ein Familienmitglied stirbt. Man sollte Kindern nicht nur erlauben, an der Beerdigung oder der Verabschiedung teilzunehmen, sondern sie dazu sogar ermutigen.<br \/>\nStudien haben gezeigt, dass der Tod auch schon f\u00fcr sehr kleine Kinder eine gr\u00f6\u00dfere Bedeutung hat, als man glaubt.<br \/>\nJe intensiver das Verh\u00e4ltnis zum verstorbenen Menschen war, desto emotionaler wird das Sterben empfunden. Eltern neigen dann oft schnell dazu, Kinder zu \u201cbesch\u00fctzen\u201d, indem sie nichts \u00fcber den Sterbefall erz\u00e4hlen. Eltern k\u00f6nnen den Tod einer geliebten Person aber nicht betrauern, ohne dass sich diese Emotionen auf die Kinder \u00fcbertragen.<\/p>\n<\/div>\n","protected":false},"excerpt":{"rendered":"<p>&#8220;Es f\u00fchrt kein Weg an der Trauer vorbei, sondern nur durch sie hindurch.&#8221; (Jorgos Canacakis) Ein letztes Mal sehen, ber\u00fchren und begreifen Es ist uns wichtig, dass jeder Verstorbene w\u00fcrdevoll versorgt und eingesargt wird. Die Angeh\u00f6rigen k\u00f6nnen sich in diesem Bewusstsein jederzeit dazu entschlie\u00dfen, ihren lieben Verstorbenen noch einmal zu sehen. Ein friedliches und w\u00fcrdevolles &hellip; <a href=\"https:\/\/mueller-bestattung.at\/index.php\/abschied-nehmen\/\" class=\"more-link\"><span class=\"screen-reader-text\">Abschied nehmen<\/span> weiterlesen<\/a><\/p>\n","protected":false},"author":2,"featured_media":0,"parent":0,"menu_order":0,"comment_status":"closed","ping_status":"closed","template":"","meta":{"footnotes":""},"class_list":["post-263","page","type-page","status-publish","hentry"],"_links":{"self":[{"href":"https:\/\/mueller-bestattung.at\/index.php\/wp-json\/wp\/v2\/pages\/263","targetHints":{"allow":["GET"]}}],"collection":[{"href":"https:\/\/mueller-bestattung.at\/index.php\/wp-json\/wp\/v2\/pages"}],"about":[{"href":"https:\/\/mueller-bestattung.at\/index.php\/wp-json\/wp\/v2\/types\/page"}],"author":[{"embeddable":true,"href":"https:\/\/mueller-bestattung.at\/index.php\/wp-json\/wp\/v2\/users\/2"}],"replies":[{"embeddable":true,"href":"https:\/\/mueller-bestattung.at\/index.php\/wp-json\/wp\/v2\/comments?post=263"}],"version-history":[{"count":0,"href":"https:\/\/mueller-bestattung.at\/index.php\/wp-json\/wp\/v2\/pages\/263\/revisions"}],"wp:attachment":[{"href":"https:\/\/mueller-bestattung.at\/index.php\/wp-json\/wp\/v2\/media?parent=263"}],"curies":[{"name":"wp","href":"https:\/\/api.w.org\/{rel}","templated":true}]}}