{"id":284,"date":"2018-03-12T08:16:19","date_gmt":"2018-03-12T08:16:19","guid":{"rendered":"https:\/\/mueller-bestattung.at\/?page_id=284"},"modified":"2026-02-16T14:39:26","modified_gmt":"2026-02-16T14:39:26","slug":"individuelle-feiern-und-rituale","status":"publish","type":"page","link":"https:\/\/mueller-bestattung.at\/index.php\/individuelle-feiern-und-rituale\/","title":{"rendered":"Individuelle Feiern"},"content":{"rendered":"<audio class=\"wp-audio-shortcode\" id=\"audio-284-1\" preload=\"none\" style=\"width: 100%;\" controls=\"controls\"><source type=\"audio\/mpeg\" src=\"https:\/\/platzer-bestattung.at\/voices\/individuellefeiern.m4a?_=1\" \/><a href=\"https:\/\/platzer-bestattung.at\/voices\/individuellefeiern.m4a\">https:\/\/platzer-bestattung.at\/voices\/individuellefeiern.m4a<\/a><\/audio>\n<p><strong>Der Tod ordnet die Welt neu.<br \/>\nScheinbar hat sich nichts ver\u00e4ndert,<br \/>\nund doch ist alles anders geworden.<\/strong><br \/>\nAntoine de Saint Exup\u00e9ry<\/p>\n<div align=\"justify\">Wendet man sich von der traditionellen Kirche ab, bedeutet das noch lange nicht, dass man seine Spiritualit\u00e4t verloren hat. Ein Spannungsfeld, in dem sich viele Menschen befinden, die aus der Kirche ausgetreten sind. Das dr\u00fcckt sich auch in der Nachfrage nach individuellen Trauerfeiern aus, die sich in den letzten zwanzig Jahren mehr als verdoppelt hat, was Sie auch in der bereitgestellten <a title=\"Statistik\" href=\"index.php\/konfessionen\" target=\"_self\" rel=\"noopener noreferrer\">Grafik<\/a> gut erkennen k\u00f6nnen.<\/p>\n<table border=\"0\" align=\"center\">\n<tbody>\n<tr>\n<td>\n<div class=\"dec-item-wrapper wrapper-urne\"><img decoding=\"async\" class=\"foto zoomify\" src=\"https:\/\/mueller-bestattung.at\/wp-content\/uploads\/2020\/11\/Kerzen.jpg\" alt=\"Trauerfeiern_01\" \/><\/div>\n<div class=\"dec-item-wrapper wrapper-urne\"><img decoding=\"async\" class=\"foto zoomify\" src=\"https:\/\/mueller-bestattung.at\/wp-content\/uploads\/2020\/11\/Ballons.jpg\" alt=\"Trauerfeiern_02\" \/><\/div>\n<div class=\"dec-item-wrapper wrapper-urne\"><img decoding=\"async\" class=\"foto zoomify\" src=\"https:\/\/mueller-bestattung.at\/wp-content\/uploads\/2020\/11\/Blumen.jpg\" alt=\"Trauerfeiern_03\" \/><\/div>\n<\/td>\n<\/tr>\n<\/tbody>\n<\/table>\n<p>Wir bieten daher zus\u00e4tzlich zu den orts\u00fcblichen und traditionell-kirchlichen Trauerfeierlichkeiten individuell gestaltete Abschiednahmen an.<\/p>\n<p><strong>Wie unterscheidet sich eine individuelle Trauerfeierlichkeiten von einer kirchlichen?<\/strong><br \/>\nKirchliche Beerdigungsfeiern werden grunds\u00e4tzlich von einem Pfarrer geleitet und die Rituale und Zeremonien unterliegen der Lithurgie der jeweiligen Glaubensrichtung.<br \/>\nEine individuelle Trauerfeier ist freier gestaltet. Eine Trauerrednerin oder Trauerredner moderiert die Feierlichkeit, die Lesungen, Musik, und manchmal auch Diavortr\u00e4ge beinhaltet. Auf Wunsch werden auch die Angeh\u00f6rigen in die Gestaltung der Feier miteinbezogen. Es d\u00fcrfen aber auch bei der individuellen Trauerfeier die f\u00fcr die Trauerbew\u00e4ltigung so wichtigen Abschiedsrituale nicht fehlen und diese k\u00f6nnen durchaus auch religi\u00f6se Elemente enthalten (Gebete, Kondukt, Weihwasser etc.).<\/p>\n<\/div>\n","protected":false},"excerpt":{"rendered":"<p>Der Tod ordnet die Welt neu. Scheinbar hat sich nichts ver\u00e4ndert, und doch ist alles anders geworden. Antoine de Saint Exup\u00e9ry Wendet man sich von der traditionellen Kirche ab, bedeutet das noch lange nicht, dass man seine Spiritualit\u00e4t verloren hat. Ein Spannungsfeld, in dem sich viele Menschen befinden, die aus der Kirche ausgetreten sind. Das &hellip; <a href=\"https:\/\/mueller-bestattung.at\/index.php\/individuelle-feiern-und-rituale\/\" class=\"more-link\"><span class=\"screen-reader-text\">Individuelle Feiern<\/span> weiterlesen<\/a><\/p>\n","protected":false},"author":2,"featured_media":0,"parent":0,"menu_order":0,"comment_status":"closed","ping_status":"closed","template":"","meta":{"footnotes":""},"class_list":["post-284","page","type-page","status-publish","hentry"],"_links":{"self":[{"href":"https:\/\/mueller-bestattung.at\/index.php\/wp-json\/wp\/v2\/pages\/284","targetHints":{"allow":["GET"]}}],"collection":[{"href":"https:\/\/mueller-bestattung.at\/index.php\/wp-json\/wp\/v2\/pages"}],"about":[{"href":"https:\/\/mueller-bestattung.at\/index.php\/wp-json\/wp\/v2\/types\/page"}],"author":[{"embeddable":true,"href":"https:\/\/mueller-bestattung.at\/index.php\/wp-json\/wp\/v2\/users\/2"}],"replies":[{"embeddable":true,"href":"https:\/\/mueller-bestattung.at\/index.php\/wp-json\/wp\/v2\/comments?post=284"}],"version-history":[{"count":0,"href":"https:\/\/mueller-bestattung.at\/index.php\/wp-json\/wp\/v2\/pages\/284\/revisions"}],"wp:attachment":[{"href":"https:\/\/mueller-bestattung.at\/index.php\/wp-json\/wp\/v2\/media?parent=284"}],"curies":[{"name":"wp","href":"https:\/\/api.w.org\/{rel}","templated":true}]}}