{"id":310,"date":"2018-03-12T10:12:04","date_gmt":"2018-03-12T10:12:04","guid":{"rendered":"https:\/\/mueller-bestattung.at\/?page_id=310"},"modified":"2026-02-16T14:38:46","modified_gmt":"2026-02-16T14:38:46","slug":"bestattungundmehr","status":"publish","type":"page","link":"https:\/\/mueller-bestattung.at\/index.php\/bestattungundmehr\/","title":{"rendered":"BestattungUndMehr"},"content":{"rendered":"<p><strong>Bestattung<\/strong>und<strong>mehr\u00a0<\/strong>ist ein Gemeinschaftsprojekt der drei Innsbrucker Bestattungen:<\/p>\n<div class=\"text-center\">\n<p><a title=\"Bestattung Mag. M\u00fcller\" href=\"https:\/\/bestattungundmehr.at\/besttaung-mag-mueller\" target=\"_self\">Bestattung Mag. M\u00fcller<\/a>\u00a0 &#8211;\u00a0\u00a0<a href=\"https:\/\/bestattungundmehr.at\/j-neumair-bestattung\">Bestattung I. Neumair<\/a>\u00a0 &#8211;\u00a0\u00a0<a href=\"https:\/\/bestattungundmehr.at\/platzer-bestattung\">Bestattung Platzer<\/a><\/p>\n<p>\u00dcber das herk\u00f6mmliche Angebot von Bestattungsinstituten hinaus, bieten wir\u00a0<strong>Seminare\u00a0<\/strong>und\u00a0<strong>Trauerbegleitung\u00a0<\/strong>an.<\/p>\n<p><strong>\u00a0Moderne Verstorbenenversorgung (Thanatopraxie)<\/strong><br \/>\nerm\u00f6glicht Angeh\u00f6rigen auch in schwierigen Situationen nach Unfall, Suizid oder Obduktion einen tr\u00f6stlichen Abschied vom Verstorbenen.<\/p>\n<p>Die enge Zusammenarbeit mit dem Kriseninterventionsteam, der Tiroler Hospizbewegung, Ausbildungseinrichtungen f\u00fcr Pflegepersonal, dem Netzwerk Rituale \u00d6sterreich, verschiedenen Trauergruppen und nicht zuletzt mit Angeh\u00f6rigen hat uns einen umfassenden Einblick gegeben, wie Trauerarbeit und die individuelle Organisation von Trauerfeiern heute aussehen soll.<\/p>\n<p><strong>Mit unserem Wissen m\u00f6chten wir Sie gerne in einem Trauerfall begleiten<br \/>\noder dieses im Rahmen von Fortbildungen mit Ihnen diskutieren und teilen.<\/strong><\/p>\n<\/div>\n","protected":false},"excerpt":{"rendered":"<p>Bestattungundmehr\u00a0ist ein Gemeinschaftsprojekt der drei Innsbrucker Bestattungen: Bestattung Mag. M\u00fcller\u00a0 &#8211;\u00a0\u00a0Bestattung I. Neumair\u00a0 &#8211;\u00a0\u00a0Bestattung Platzer \u00dcber das herk\u00f6mmliche Angebot von Bestattungsinstituten hinaus, bieten wir\u00a0Seminare\u00a0und\u00a0Trauerbegleitung\u00a0an. \u00a0Moderne Verstorbenenversorgung (Thanatopraxie) erm\u00f6glicht Angeh\u00f6rigen auch in schwierigen Situationen nach Unfall, Suizid oder Obduktion einen tr\u00f6stlichen Abschied vom Verstorbenen. Die enge Zusammenarbeit mit dem Kriseninterventionsteam, der Tiroler Hospizbewegung, Ausbildungseinrichtungen f\u00fcr Pflegepersonal, &hellip; <a href=\"https:\/\/mueller-bestattung.at\/index.php\/bestattungundmehr\/\" class=\"more-link\"><span class=\"screen-reader-text\">BestattungUndMehr<\/span> weiterlesen<\/a><\/p>\n","protected":false},"author":2,"featured_media":0,"parent":0,"menu_order":0,"comment_status":"closed","ping_status":"closed","template":"","meta":{"footnotes":""},"class_list":["post-310","page","type-page","status-publish","hentry"],"_links":{"self":[{"href":"https:\/\/mueller-bestattung.at\/index.php\/wp-json\/wp\/v2\/pages\/310","targetHints":{"allow":["GET"]}}],"collection":[{"href":"https:\/\/mueller-bestattung.at\/index.php\/wp-json\/wp\/v2\/pages"}],"about":[{"href":"https:\/\/mueller-bestattung.at\/index.php\/wp-json\/wp\/v2\/types\/page"}],"author":[{"embeddable":true,"href":"https:\/\/mueller-bestattung.at\/index.php\/wp-json\/wp\/v2\/users\/2"}],"replies":[{"embeddable":true,"href":"https:\/\/mueller-bestattung.at\/index.php\/wp-json\/wp\/v2\/comments?post=310"}],"version-history":[{"count":0,"href":"https:\/\/mueller-bestattung.at\/index.php\/wp-json\/wp\/v2\/pages\/310\/revisions"}],"wp:attachment":[{"href":"https:\/\/mueller-bestattung.at\/index.php\/wp-json\/wp\/v2\/media?parent=310"}],"curies":[{"name":"wp","href":"https:\/\/api.w.org\/{rel}","templated":true}]}}