{"id":40,"date":"2018-03-08T07:54:21","date_gmt":"2018-03-08T07:54:21","guid":{"rendered":"https:\/\/mueller-bestattung.at\/?page_id=40"},"modified":"2026-02-16T14:42:49","modified_gmt":"2026-02-16T14:42:49","slug":"bestattungsarten","status":"publish","type":"page","link":"https:\/\/mueller-bestattung.at\/index.php\/bestattungsarten\/","title":{"rendered":"Was ich tun kann"},"content":{"rendered":"<audio class=\"wp-audio-shortcode\" id=\"audio-40-1\" preload=\"none\" style=\"width: 100%;\" controls=\"controls\"><source type=\"audio\/mpeg\" src=\"https:\/\/platzer-bestattung.at\/voices\/waswirtunkoennen.mp3?_=1\" \/><a href=\"https:\/\/platzer-bestattung.at\/voices\/waswirtunkoennen.mp3\">https:\/\/platzer-bestattung.at\/voices\/waswirtunkoennen.mp3<\/a><\/audio>\n<div align=\"justify\">Viel hat sich getan im Bestattungsbereich! Noch Anfang der 90er Jahre, als ich diesen Beruf ergriffen habe, waren 90 % der Beerdigungen Erdbestattungen. Kremationen war noch die Ausnahme. Heute hat sich diese Verh\u00e4ltnis fast gedreht!<br \/>\nDadurch ergibt sich eine Vielzahl weiterer <b>Bestattungsarten<\/b> und <b>Bestattungsorte<\/b>:<\/div>\n<p>&nbsp;<\/p>\n<ul class=\"no_bullet\">\n<li class=\"butterfly\">\u00dcberf\u00fchrungen im In- und Ausland<\/li>\n<\/ul>\n<ul class=\"no_bullet\">\n<li class=\"butterfly\">Erdbestattungen<\/li>\n<\/ul>\n<ul class=\"no_bullet\">\n<li class=\"butterfly\">Feuerbestattungen und Urnenbeisetzungen<\/li>\n<\/ul>\n<ul class=\"no_bullet\">\n<li class=\"butterfly\">Urnenbeisetzungen auf dem eigenen Privatgrundst\u00fcck<\/li>\n<\/ul>\n<ul class=\"no_bullet\">\n<li class=\"butterfly\">Urnenbeisetzungen im <a href=\"https:\/\/bestattungundmehr.at\/trauerbegleitung\/grab\">Gemeinschaftsgrab<\/a> der <span style=\"color: #ea690a;\"><b>Bestattung<\/b>und<b>mehr<\/b><\/span><\/li>\n<\/ul>\n<ul class=\"no_bullet\">\n<li class=\"butterfly\"><a href=\"https:\/\/www.paxnatura.at\">Naturbestattungen<\/a> (Beisetzung oder Verstreuen der Asche in der Natur)<\/li>\n<\/ul>\n<ul class=\"no_bullet\">\n<li class=\"butterfly\">Seebestattungen (Beisetzung der Urne im Meer)<\/li>\n<\/ul>\n<ul class=\"no_bullet\">\n<li class=\"butterfly\"><a href=\"https:\/\/www.algordanza.com\/de\/\">Diamantbestattung<\/a> (Ein Diamant aus der Asche des Verstorbenen)<\/li>\n<\/ul>\n<ul class=\"no_bullet\">\n<li class=\"butterfly\"><a href=\"https:\/\/www.mevisto.com\/de\/personalisierter-edelstein\">Edelsteinbestattung<\/a> (Ein Saphir oder Rubin aus der Asche des Verstorbenen)<\/li>\n<\/ul>\n<div align=\"justify\">Aber auch die Gestaltung der Trauerfeier ist dem Wandel der Zeit unterworfen. Die traditionellen Trauerfeiern mit einem katholischen oder evangelischen Geistlichen machen nach wie vor den Gro\u00dfteil der Bestattungen aus. Wir sind aber auch bem\u00fcht auf die individuellen W\u00fcnsche der Angeh\u00f6rigen einzugehen &#8211; nicht nur bei der <b>\u00f6ffentlichen Trauerfeier<\/b>, sondern schon im Vorfeld bei der <b>privaten Abschiednahme<\/b>:<\/p>\n<\/div>\n<ul class=\"no_bullet\">\n<li class=\"butterfly\">R\u00e4umlichkeiten f\u00fcr den Abschied am offenen oder geschlossenen Sarg<\/li>\n<\/ul>\n<ul class=\"no_bullet\">\n<li class=\"butterfly\"><a href=\"index.php\/abschied-nehmen\">Kompetente Begleitung beim Abschied am offenen Sarg<\/a><\/li>\n<\/ul>\n<ul class=\"no_bullet\">\n<li class=\"butterfly\"><a href=\"index.php\/thanatopraxie\">Moderne Verstorbenenversorgung (Thanatopraxie)<\/a><\/li>\n<\/ul>\n<ul class=\"no_bullet\">\n<li class=\"butterfly\">R\u00e4umlichkeiten f\u00fcr muslimische Waschungen<\/li>\n<\/ul>\n<ul class=\"no_bullet\">\n<li class=\"butterfly\">Auswahl von Erinnerungsst\u00fccken (Schmuck mit dem Fingerabdruck des Verstorbenen, Fotos, Haarlocke etc.)<\/li>\n<\/ul>\n<ul class=\"no_bullet\">\n<li class=\"butterfly\">Traditionelle Trauerfeiern<\/li>\n<\/ul>\n<ul class=\"no_bullet\">\n<li class=\"butterfly\"><a href=\"index.php\/individuelle-feiern-und-rituale\">Individuelle Trauerfeiern<\/a><\/li>\n<\/ul>\n<ul class=\"no_bullet\">\n<li class=\"butterfly\"><a href=\"index.php\/individuelle-feiern-und-rituale\">Trauerrituale<\/a><\/li>\n<\/ul>\n<ul class=\"no_bullet\">\n<li class=\"butterfly\"><a href=\"index.php\/individuelle-feiern-und-rituale\">Trauerreden<\/a><\/li>\n<\/ul>\n<ul class=\"no_bullet\">\n<li class=\"butterfly\">Trauerbegleitung und Trauerberatung f\u00fcr Erwachsene und Kinder<\/li>\n<\/ul>\n","protected":false},"excerpt":{"rendered":"<p>Viel hat sich getan im Bestattungsbereich! Noch Anfang der 90er Jahre, als ich diesen Beruf ergriffen habe, waren 90 % der Beerdigungen Erdbestattungen. Kremationen war noch die Ausnahme. Heute hat sich diese Verh\u00e4ltnis fast gedreht! Dadurch ergibt sich eine Vielzahl weiterer Bestattungsarten und Bestattungsorte: &nbsp; \u00dcberf\u00fchrungen im In- und Ausland Erdbestattungen Feuerbestattungen und Urnenbeisetzungen Urnenbeisetzungen &hellip; <a href=\"https:\/\/mueller-bestattung.at\/index.php\/bestattungsarten\/\" class=\"more-link\"><span class=\"screen-reader-text\">Was ich tun kann<\/span> weiterlesen<\/a><\/p>\n","protected":false},"author":2,"featured_media":0,"parent":0,"menu_order":0,"comment_status":"closed","ping_status":"closed","template":"","meta":{"footnotes":""},"class_list":["post-40","page","type-page","status-publish","hentry"],"_links":{"self":[{"href":"https:\/\/mueller-bestattung.at\/index.php\/wp-json\/wp\/v2\/pages\/40","targetHints":{"allow":["GET"]}}],"collection":[{"href":"https:\/\/mueller-bestattung.at\/index.php\/wp-json\/wp\/v2\/pages"}],"about":[{"href":"https:\/\/mueller-bestattung.at\/index.php\/wp-json\/wp\/v2\/types\/page"}],"author":[{"embeddable":true,"href":"https:\/\/mueller-bestattung.at\/index.php\/wp-json\/wp\/v2\/users\/2"}],"replies":[{"embeddable":true,"href":"https:\/\/mueller-bestattung.at\/index.php\/wp-json\/wp\/v2\/comments?post=40"}],"version-history":[{"count":0,"href":"https:\/\/mueller-bestattung.at\/index.php\/wp-json\/wp\/v2\/pages\/40\/revisions"}],"wp:attachment":[{"href":"https:\/\/mueller-bestattung.at\/index.php\/wp-json\/wp\/v2\/media?parent=40"}],"curies":[{"name":"wp","href":"https:\/\/api.w.org\/{rel}","templated":true}]}}