{"id":413,"date":"2018-03-13T18:57:59","date_gmt":"2018-03-13T18:57:59","guid":{"rendered":"https:\/\/mueller-bestattung.at\/?page_id=413"},"modified":"2026-02-16T14:39:52","modified_gmt":"2026-02-16T14:39:52","slug":"kremationen","status":"publish","type":"page","link":"https:\/\/mueller-bestattung.at\/index.php\/kremationen\/","title":{"rendered":"Kremationen"},"content":{"rendered":"\n<div align=\"justify\">Der Anteil der Feuerbestattungen in Tirol hat seit den 1990er Jahren enorm zugenommen. Dazu haben nat\u00fcrlich der Bau des Krematoriums in Innsbruck durch die IKB und sp\u00e4ter in Kramsach durch die <b>Trauer<span style=\"color: ea690a;\">Hilfe<\/span><\/b> beigetragen. Zu erw\u00e4hnen ist, dass es in \u00d6sterreich ein Ost-West-Gef\u00e4lle bei den Feuerbestattungen gibt und auch das Stadt-Land-Gef\u00e4lle nach wie vor besteht. Beides hat sich aber in den letzten Jahren abgeflacht.<br>\nInteressant vielleicht auch: Vor der Christianisierung hatte Tirol eine lange Tradition der Brandbestattungen.<\/div>\n<p>&nbsp;<br>\n<\/p><table class=\"hometable\">\n<tbody>\n<tr>\n<td>\n<p style=\"text-align: center; font-size: 20px;\">Anteil Kremationen in %<\/p>\n<\/td>\n<\/tr>\n<tr>\n<td>\n[xyz-ips snippet=&#8221;Kremationen&#8221;]\n<\/td>\n<\/tr>\n<\/tbody>\n<\/table>\n\n\n\n<p><\/p>\n","protected":false},"excerpt":{"rendered":"<p>Der Anteil der Feuerbestattungen in Tirol hat seit den 1990er Jahren enorm zugenommen. Dazu haben nat\u00fcrlich der Bau des Krematoriums in Innsbruck durch die IKB und sp\u00e4ter in Kramsach durch die TrauerHilfe beigetragen. Zu erw\u00e4hnen ist, dass es in \u00d6sterreich ein Ost-West-Gef\u00e4lle bei den Feuerbestattungen gibt und auch das Stadt-Land-Gef\u00e4lle nach wie vor besteht. Beides &hellip; <a href=\"https:\/\/mueller-bestattung.at\/index.php\/kremationen\/\" class=\"more-link\"><span class=\"screen-reader-text\">Kremationen<\/span> weiterlesen<\/a><\/p>\n","protected":false},"author":2,"featured_media":0,"parent":0,"menu_order":0,"comment_status":"closed","ping_status":"closed","template":"","meta":{"footnotes":""},"class_list":["post-413","page","type-page","status-publish","hentry"],"_links":{"self":[{"href":"https:\/\/mueller-bestattung.at\/index.php\/wp-json\/wp\/v2\/pages\/413","targetHints":{"allow":["GET"]}}],"collection":[{"href":"https:\/\/mueller-bestattung.at\/index.php\/wp-json\/wp\/v2\/pages"}],"about":[{"href":"https:\/\/mueller-bestattung.at\/index.php\/wp-json\/wp\/v2\/types\/page"}],"author":[{"embeddable":true,"href":"https:\/\/mueller-bestattung.at\/index.php\/wp-json\/wp\/v2\/users\/2"}],"replies":[{"embeddable":true,"href":"https:\/\/mueller-bestattung.at\/index.php\/wp-json\/wp\/v2\/comments?post=413"}],"version-history":[{"count":0,"href":"https:\/\/mueller-bestattung.at\/index.php\/wp-json\/wp\/v2\/pages\/413\/revisions"}],"wp:attachment":[{"href":"https:\/\/mueller-bestattung.at\/index.php\/wp-json\/wp\/v2\/media?parent=413"}],"curies":[{"name":"wp","href":"https:\/\/api.w.org\/{rel}","templated":true}]}}