{"id":419,"date":"2018-03-13T17:57:15","date_gmt":"2018-03-13T17:57:15","guid":{"rendered":"https:\/\/mueller-bestattung.at\/?page_id=419"},"modified":"2026-02-16T14:41:53","modified_gmt":"2026-02-16T14:41:53","slug":"team","status":"publish","type":"page","link":"https:\/\/mueller-bestattung.at\/index.php\/team\/","title":{"rendered":"Team"},"content":{"rendered":"<table class=\"formtable\">\n<tr>\n<td>\n<img decoding=\"async\" class=\"foto zoomify\" src=\"https:\/\/mueller-bestattung.at\/wp-content\/uploads\/2018\/03\/MartinFolder.jpg\" alt=\"bestattung-mueller\" width=\"400\" \/>\n<\/td>\n<td style=\"vertical-align: top; padding-left: 10px;\">\n<div align=\"justify\">\nIch bin seit 1994 in diesem Beruf t\u00e4tig und die inzwischen 4. Bestattergeneration in meiner Familie. Doch Tradition und jahrelange Erfahrung alleine reichen heutzutage nicht mehr aus, um die Aufgaben zu erf\u00fcllen, die dieser sehr sensible Bereich mit sich bringt.<\/p>\n<p>Ein guter Bestatter muss eine professionelle Rundumbetreuung anbieten k\u00f6nnen, um die Angeh\u00f6rigen bei der Trauerarbeit aktiv unterst\u00fctzen zu k\u00f6nnen. Ein besonderes Anliegen ist mir auch der w\u00fcrdevolle Umgang mit dem Verstorbenen.<br \/>\n<br \/>\nMag. Martin M\u00fcller<\/div>\n<\/td>\n<\/tr>\n<\/table>\n","protected":false},"excerpt":{"rendered":"<p>Ich bin seit 1994 in diesem Beruf t\u00e4tig und die inzwischen 4. Bestattergeneration in meiner Familie. Doch Tradition und jahrelange Erfahrung alleine reichen heutzutage nicht mehr aus, um die Aufgaben zu erf\u00fcllen, die dieser sehr sensible Bereich mit sich bringt. Ein guter Bestatter muss eine professionelle Rundumbetreuung anbieten k\u00f6nnen, um die Angeh\u00f6rigen bei der Trauerarbeit &hellip; <a href=\"https:\/\/mueller-bestattung.at\/index.php\/team\/\" class=\"more-link\"><span class=\"screen-reader-text\">Team<\/span> weiterlesen<\/a><\/p>\n","protected":false},"author":2,"featured_media":0,"parent":0,"menu_order":0,"comment_status":"closed","ping_status":"closed","template":"","meta":{"footnotes":""},"class_list":["post-419","page","type-page","status-publish","hentry"],"_links":{"self":[{"href":"https:\/\/mueller-bestattung.at\/index.php\/wp-json\/wp\/v2\/pages\/419","targetHints":{"allow":["GET"]}}],"collection":[{"href":"https:\/\/mueller-bestattung.at\/index.php\/wp-json\/wp\/v2\/pages"}],"about":[{"href":"https:\/\/mueller-bestattung.at\/index.php\/wp-json\/wp\/v2\/types\/page"}],"author":[{"embeddable":true,"href":"https:\/\/mueller-bestattung.at\/index.php\/wp-json\/wp\/v2\/users\/2"}],"replies":[{"embeddable":true,"href":"https:\/\/mueller-bestattung.at\/index.php\/wp-json\/wp\/v2\/comments?post=419"}],"version-history":[{"count":0,"href":"https:\/\/mueller-bestattung.at\/index.php\/wp-json\/wp\/v2\/pages\/419\/revisions"}],"wp:attachment":[{"href":"https:\/\/mueller-bestattung.at\/index.php\/wp-json\/wp\/v2\/media?parent=419"}],"curies":[{"name":"wp","href":"https:\/\/api.w.org\/{rel}","templated":true}]}}