{"id":439,"date":"2018-03-14T08:09:09","date_gmt":"2018-03-14T08:09:09","guid":{"rendered":"https:\/\/mueller-bestattung.at\/?page_id=439"},"modified":"2026-02-16T14:40:20","modified_gmt":"2026-02-16T14:40:20","slug":"musik-zur-trauerfeier","status":"publish","type":"page","link":"https:\/\/mueller-bestattung.at\/index.php\/musik-zur-trauerfeier\/","title":{"rendered":"Musik zur Trauerfeier"},"content":{"rendered":"<div align=\"justify\">\nJa, es gibt tats\u00e4chlich so etwas wie eine &#8216;Hitparade&#8217; am Friedhof. Welche Musik gespielt wird, h\u00e4ngt nat\u00fcrlich vom Einzelfall ab: Bei christlichen Feiern wird das Ave Maria nicht fehlen, bei den individuellen Feiern finden sich eher moderne, weltliche St\u00fccke.<br \/>\nGuiseppe Verdi, Andreas Gabalier und Edvard Grieg werden hingegen unabh\u00e4ngig von jeglichem Glaubensbekenntnis gespielt.<br \/>\nBei jungen Verstorbenen werden naturgem\u00e4\u00df eher moderne St\u00fccke gespielt, bei \u00e4lteren Semestern sind es dann doch wieder die Klassiker.<br \/>\nSehr gerne werden &#8211; vor allem bei den individuellen Feiern &#8211; St\u00fccke gespielt, die dem Verstorbenen wichtig waren und da finden sich dann ab und zu Lieder, die auf den ersten Blick vielleicht nicht sehr passend f\u00fcr eine Trauerfeier scheinen. Da der wesentliche Zweck der Trauerfeier aber das Gedenken an den Verstorbenen ist, haben auch Rock- Pop- und House-Musik ihren Platz bei einer Trauerfeier.<br \/>\nNachstehend sehen Sie die meistgespielten St\u00fccke der letzten 10 Jahre der <font color=\"#ea690a\"><b>Bestattung<\/b>und<b>mehr<\/b><\/font> &#8211; solange liegen uns n\u00e4mlich Informationen in unserer Datenbank vor:<br \/>\n&nbsp;<\/div>\n<table class=\"hometable\" style=\"padding-top:10px;padding-left:5px;padding-bottom:10px;border-spacing: 5px\">\n<tr>\n<td>\n<div class='wrapper-music'>&nbsp;1. <a href=\"https:\/\/www.youtube.com\/watch?v=5uzZu9HZBWA&#038;t=25s\" target=_blank>Ave Maria (Bach Gounod)<\/a><\/div>\n<div class='wrapper-music'>&nbsp;2. <a href=\"https:\/\/www.youtube.com\/watch?v=bEL_Fzk41OU\" target=_blank>Verdi &#8211; Nabucco Gefangenenchor<\/a><\/div>\n<div class='wrapper-music'>&nbsp;3. <a href=\"https:\/\/www.youtube.com\/watch?v=ky0rO7pM3WI\" target=_blank>Bocelli&#038;Brightman &#8211; Time To Say Goodbye<\/a><\/div>\n<div class='wrapper-music'>&nbsp;4. <a href=\"https:\/\/www.youtube.com\/watch?v=QTpto1kywGE\" target=_blank>Andreas Gabalier &#8211; Amoi seg ma uns wieda<\/a><\/div>\n<div class='wrapper-music'>&nbsp;5. <a href=\"https:\/\/www.youtube.com\/watch?v=IpuXeynA4VMI\" target=_blank>Claude Debussy &#8211; Claire de Lune<\/a><\/div>\n<div class='wrapper-music'>&nbsp;6. <a href=\"https:\/\/www.youtube.com\/watch?v=6E2hYDIFDIU\" target=_blank>Frank Sinatra &#8211; My Way<\/a><\/div>\n<div class='wrapper-music'>&nbsp;7. <a href=\"https:\/\/www.youtube.com\/watch?v=M7NLZDig9_U\" target=_blank>Edvard Grieg &#8211; Morgenstimmung (Peer Gynt)<\/a><\/div>\n<div class='wrapper-music'>&nbsp;8. <a href=\"https:\/\/www.youtube.com\/watch?v=UbdZ4j0X4uA\" target=_blank>Georg Friedrich H\u00e4ndel &#8211; Minuet aus Berenice<\/a><\/div>\n<div class='wrapper-music'>&nbsp;9. <a href=\"https:\/\/www.youtube.com\/watch?v=rrVDATvUitA\" target=_blank>Johann Sebastian Bach &#8211; Air Suite Nr. 3<\/a><\/div>\n<div class='wrapper-music'>10. <a href=\"https:\/\/www.youtube.com\/watch?v=1xL4YdTLDck\" target=_blank>Andrea Bocelli &#8211; Ave Maria(Schubert)<\/a><\/div>\n<div class='wrapper-music'>11. <a href=\"https:\/\/www.youtube.com\/watch?v=g0bqjBoaMcw\" target=_blank>Oslo Gospel Choir &#8211; Nearer My God To Thee<\/a><\/div>\n<div class='wrapper-music'>12. <a href=\"https:\/\/www.youtube.com\/watch?v=M7oLH8O_LQ0&#038;t=2s\" target=_blank>Gheorghe Zamfir &#8211; Der einsame Hirte<\/a><\/div>\n<div class='wrapper-music'>13. <a href=\"https:\/\/www.youtube.com\/watch?v=UNldptb9OrQ\" target=_blank>Coro Alpi Cozie &#8211; La Montanara<\/a><\/div>\n<div class='wrapper-music'>14. <a href=\"https:\/\/www.youtube.com\/watch?v=XfHIRtAUuMM\" target=_blank>Hubert von Goisern &#8211; Heast es net<\/a><\/div>\n<div class='wrapper-music'>15. <a href=\"https:\/\/www.youtube.com\/watch?v=KGQX4VJDQt0\" target=_blank>Andreas Gabalier &#8211; Engel<\/a><\/div>\n<div class='wrapper-music'>16. <a href=\"https:\/\/www.youtube.com\/watch?v=U1FCesDXvRg\" target=_blank>Nino Rossi &#8211; Il Silenzio<\/a><\/div>\n<div class='wrapper-music'>17. <a href=\"https:\/\/www.youtube.com\/watch?v=80rHyABCb20\" target=_blank>Elton John &#8211; Candle In The Wind<\/a><\/div>\n<div class='wrapper-music'>18. <a href=\"https:\/\/www.youtube.com\/watch?v=ZqtyQuXo9zM\" target=_blank>Eric Clapton &#8211; Tears In Heaven<\/a><\/div>\n<div class='wrapper-music'>19. <a href=\"https:\/\/www.youtube.com\/watch?v=FgBBkEwGkxU\" target=_blank>Unheilig &#8211; So wie Du warst<\/a><\/div>\n<div class='wrapper-music'>20. <a href=\"https:\/\/www.youtube.com\/watch?v=FHG2oizTlpY\" target=_blank>Celin Dion &#8211; My Heart Will Go One<\/a><\/div>\n<\/td>\n<\/tr>\n<\/table>\n","protected":false},"excerpt":{"rendered":"<p>Ja, es gibt tats\u00e4chlich so etwas wie eine &#8216;Hitparade&#8217; am Friedhof. Welche Musik gespielt wird, h\u00e4ngt nat\u00fcrlich vom Einzelfall ab: Bei christlichen Feiern wird das Ave Maria nicht fehlen, bei den individuellen Feiern finden sich eher moderne, weltliche St\u00fccke. Guiseppe Verdi, Andreas Gabalier und Edvard Grieg werden hingegen unabh\u00e4ngig von jeglichem Glaubensbekenntnis gespielt. Bei jungen &hellip; <a href=\"https:\/\/mueller-bestattung.at\/index.php\/musik-zur-trauerfeier\/\" class=\"more-link\"><span class=\"screen-reader-text\">Musik zur Trauerfeier<\/span> weiterlesen<\/a><\/p>\n","protected":false},"author":2,"featured_media":0,"parent":0,"menu_order":0,"comment_status":"closed","ping_status":"closed","template":"","meta":{"footnotes":""},"class_list":["post-439","page","type-page","status-publish","hentry"],"_links":{"self":[{"href":"https:\/\/mueller-bestattung.at\/index.php\/wp-json\/wp\/v2\/pages\/439","targetHints":{"allow":["GET"]}}],"collection":[{"href":"https:\/\/mueller-bestattung.at\/index.php\/wp-json\/wp\/v2\/pages"}],"about":[{"href":"https:\/\/mueller-bestattung.at\/index.php\/wp-json\/wp\/v2\/types\/page"}],"author":[{"embeddable":true,"href":"https:\/\/mueller-bestattung.at\/index.php\/wp-json\/wp\/v2\/users\/2"}],"replies":[{"embeddable":true,"href":"https:\/\/mueller-bestattung.at\/index.php\/wp-json\/wp\/v2\/comments?post=439"}],"version-history":[{"count":0,"href":"https:\/\/mueller-bestattung.at\/index.php\/wp-json\/wp\/v2\/pages\/439\/revisions"}],"wp:attachment":[{"href":"https:\/\/mueller-bestattung.at\/index.php\/wp-json\/wp\/v2\/media?parent=439"}],"curies":[{"name":"wp","href":"https:\/\/api.w.org\/{rel}","templated":true}]}}