{"id":58,"date":"2018-03-08T10:03:53","date_gmt":"2018-03-08T10:03:53","guid":{"rendered":"https:\/\/mueller-bestattung.at\/?page_id=58"},"modified":"2026-02-16T14:40:10","modified_gmt":"2026-02-16T14:40:10","slug":"merkliste","status":"publish","type":"page","link":"https:\/\/mueller-bestattung.at\/index.php\/merkliste\/","title":{"rendered":"Merkliste"},"content":{"rendered":"<audio class=\"wp-audio-shortcode\" id=\"audio-58-1\" preload=\"none\" style=\"width: 100%;\" controls=\"controls\"><source type=\"audio\/mpeg\" src=\"https:\/\/platzer-bestattung.at\/voices\/merkliste.mp3?_=1\" \/><a href=\"https:\/\/platzer-bestattung.at\/voices\/merkliste.mp3\">https:\/\/platzer-bestattung.at\/voices\/merkliste.mp3<\/a><\/audio>\n<p>Es gibt nat\u00fcrlich einiges, das Sie als Angeh\u00f6rige f\u00fcr die Abwicklung des Sterbefalles bereitstellen k\u00f6nnen.<br \/>\nF\u00fcr das Erstgespr\u00e4ch ben\u00f6tigen wir aber nur Sie &#8211; alles andere kann nachgereicht werden!<\/p>\n<p><b>Dokumente<\/b><br \/>\nGerne besorgen wir in Ihrem Namen die Sterbeurkunden. Daf\u00fcr ben\u00f6tigen wir folgende Dokumente des Verstorbenen:<\/p>\n<ul class=\"no-bullet\">\n<li class=\"butterfly\">die Geburtsurkunde<\/li>\n<li class=\"butterfly\">den Staatsb\u00fcrgerschaftsnachweis<\/li>\n<li class=\"butterfly\">die Heiratsurkunde bzw. das Scheidungsdekret<\/li>\n<li class=\"butterfly\">f\u00fcr nicht\u00f6sterreichische Staatsb\u00fcrger: den Reisepass<\/li>\n<li class=\"butterfly\">f\u00fcr Akademiker: die Verleihungsurkunde der Universit\u00e4t<\/li>\n<li class=\"butterfly\">bei Vorliegen einer Bestattungskosten-Versicherung: die Polizze<\/li>\n<\/ul>\n<div align=\"justify\"><b>Trauerdruck<\/b><br \/>\nF\u00fcr Parten, Todesanzeige in der Zeitung, Trauerbilder, Kondolenzbuch etc. ben\u00f6tigen wir ein Bild des Verstorbenen, entweder digital oder als gedrucktes Foto.<br \/>\nLassen Sie sich dabei bitte nicht von unpassenden Hintergr\u00fcnden oder anderen Personen, die auf dem Foto sind, abschrecken. Auch die Qualit\u00e4t der Fotografie ist heute kein so gro\u00dfes Thema mehr. Mit modernen Computerprogrammen und Druckern k\u00f6nnen wir schon sehr gute Ergebnisse erzielen. Bringen Sie mit, was Ihnen zusagen w\u00fcrde, unsere Mitarbeiter helfen Ihnen bei der Auswahl des optimalen Bildes.<\/p>\n<p><b>Kleidung<\/b><br \/>\nEs muss nicht unbedingt der Sonntagsanzug sein. Sie k\u00f6nnen auch Kleidung w\u00e4hlen, die der Verstorbene zu Lebzeiten gerne getragen hat. Wenn Sie ihm noch etwas auf seine letzte Reise mitgeben wollen (Bilder, Briefe, einen Rosenkranz etc.) dann geben Sie das entweder uns, oder sie legen es selbst in den Sarg &#8211; wobei wir Sie nat\u00fcrlich begleiten und in unseren R\u00e4umlichkeiten im <b>Trauerzentrum<\/b> <span style=\"color: #ea690a;\"><b>Bestattung<\/b>und<b>mehr<\/b><\/span> f\u00fcr das entsprechende Ambiente sorgen.<\/p>\n<p><b>Beerdigungstermin<\/b><br \/>\nHeutzutage ist es nicht mehr notwendig, eine Bestattung binnen 48 Stunden durchzuf\u00fchren. Eine Beerdigung bedarf einiges an Planung und die Zeit sollte man sich unbedingt nehmen. Welche Vorlaufzeit sinnvoll ist, h\u00e4ngt nat\u00fcrlich vom Einzelfall ab. Man sollte aber zumindest 3-4 Werktage einplanen, vor allem, wenn ein Zeitungsinserat geschaltet werden soll, oder Angeh\u00f6rige eine l\u00e4ngere Anreise haben.<\/p>\n<p><b>Weitere beh\u00f6rdliche Erledigungen<\/b><br \/>\nWir beantragen f\u00fcr Sie beim zust\u00e4ndigen Standesamt die Sterbeurkunde und verst\u00e4ndigen Sie, sobald diese bei uns eingetroffen ist. Der zust\u00e4ndige Notar und die Sozialversicherung erhalten die Sterbeurkunde in elektronischer Form. Mit der Sterbeurkunde m\u00fcssen auch alle Berechtigungen und Verpflichtungen, die auf den Namen des\/der Verstorbenen lauten, gek\u00fcndigt bzw. ge\u00e4ndert werden. Hierunter fallen z. B.:<\/p>\n<\/div>\n<ul class=\"no_bullet\">\n<li class=\"butterfly\">K\u00fcndigung oder Weiterf\u00fchrung von Mietvertr\u00e4gen<\/li>\n<li class=\"butterfly\">Mitgliedschaften bei Vereinen, Organisationen, Gewerkschaften<\/li>\n<li class=\"butterfly\">Ab\u00e4nderung von Bausparvertr\u00e4gen, Versicherungsvertr\u00e4gen<\/li>\n<li class=\"butterfly\">Abmeldung oder Ummeldung des Gas- und Strombezuges<\/li>\n<li class=\"butterfly\">Abmeldung oder \u00dcbernahme des Telefonanschlusses<\/li>\n<li class=\"butterfly\">Abbestellung von Abonnements von Zeitungen und Zeitschriften<\/li>\n<li class=\"butterfly\">R\u00fccklegung oder \u00c4nderung bestehender Gewerbeberechtigungen<\/li>\n<\/ul>\n<div align=\"justify\">Urkunden, Ausweise und der F\u00fchrerschein m\u00fcssen in der Regel nicht zur\u00fcckgegeben werden. Die zur Besorgung und Verwaltung der Verlassenschaft bestimmte Person muss die zust\u00e4ndige Beh\u00f6rde allerdings vom Todesfall informieren, wenn auf den Verstorbenen ein Kraftfahrzeug oder ein Anh\u00e4nger zugelassen war. Vergessen Sie auch bitte nicht die Bank, bei der der Verstorbene seine Konten hatte.<\/p>\n<p><b>Verlassenschaft<\/b><br \/>\nDer f\u00fcr die Verlassenschaftsabwicklung zust\u00e4ndige Notar meldet sich bei den Angeh\u00f6rigen von selbst. Dies kann jedoch einige Wochen dauern. Wichtig ist, dass bis dahin alles, was an finanziellem oder materiellem Nachlass des Verstorbenen vorhanden ist, nicht anger\u00fchrt werden darf. Wenn es diesbez\u00fcglich Unsicherheiten oder Fragen gibt, helfen wir Ihnen gerne weiter.<\/p>\n<\/div>\n","protected":false},"excerpt":{"rendered":"<p>Es gibt nat\u00fcrlich einiges, das Sie als Angeh\u00f6rige f\u00fcr die Abwicklung des Sterbefalles bereitstellen k\u00f6nnen. F\u00fcr das Erstgespr\u00e4ch ben\u00f6tigen wir aber nur Sie &#8211; alles andere kann nachgereicht werden! Dokumente Gerne besorgen wir in Ihrem Namen die Sterbeurkunden. Daf\u00fcr ben\u00f6tigen wir folgende Dokumente des Verstorbenen: die Geburtsurkunde den Staatsb\u00fcrgerschaftsnachweis die Heiratsurkunde bzw. das Scheidungsdekret f\u00fcr &hellip; <a href=\"https:\/\/mueller-bestattung.at\/index.php\/merkliste\/\" class=\"more-link\"><span class=\"screen-reader-text\">Merkliste<\/span> weiterlesen<\/a><\/p>\n","protected":false},"author":2,"featured_media":0,"parent":0,"menu_order":0,"comment_status":"closed","ping_status":"closed","template":"","meta":{"footnotes":""},"class_list":["post-58","page","type-page","status-publish","hentry"],"_links":{"self":[{"href":"https:\/\/mueller-bestattung.at\/index.php\/wp-json\/wp\/v2\/pages\/58","targetHints":{"allow":["GET"]}}],"collection":[{"href":"https:\/\/mueller-bestattung.at\/index.php\/wp-json\/wp\/v2\/pages"}],"about":[{"href":"https:\/\/mueller-bestattung.at\/index.php\/wp-json\/wp\/v2\/types\/page"}],"author":[{"embeddable":true,"href":"https:\/\/mueller-bestattung.at\/index.php\/wp-json\/wp\/v2\/users\/2"}],"replies":[{"embeddable":true,"href":"https:\/\/mueller-bestattung.at\/index.php\/wp-json\/wp\/v2\/comments?post=58"}],"version-history":[{"count":0,"href":"https:\/\/mueller-bestattung.at\/index.php\/wp-json\/wp\/v2\/pages\/58\/revisions"}],"wp:attachment":[{"href":"https:\/\/mueller-bestattung.at\/index.php\/wp-json\/wp\/v2\/media?parent=58"}],"curies":[{"name":"wp","href":"https:\/\/api.w.org\/{rel}","templated":true}]}}