{"id":72,"date":"2018-03-08T11:03:51","date_gmt":"2018-03-08T11:03:51","guid":{"rendered":"https:\/\/mueller-bestattung.at\/?page_id=72"},"modified":"2026-02-16T14:39:44","modified_gmt":"2026-02-16T14:39:44","slug":"kosten","status":"publish","type":"page","link":"https:\/\/mueller-bestattung.at\/index.php\/kosten\/","title":{"rendered":"Kosten"},"content":{"rendered":"<audio class=\"wp-audio-shortcode\" id=\"audio-72-1\" preload=\"none\" style=\"width: 100%;\" controls=\"controls\"><source type=\"audio\/mpeg\" src=\"https:\/\/platzer-bestattung.at\/voices\/kosten.m4a?_=1\" \/><a href=\"https:\/\/platzer-bestattung.at\/voices\/kosten.m4a\">https:\/\/platzer-bestattung.at\/voices\/kosten.m4a<\/a><\/audio>\n<div align=\"justify\">\nDie Organisation einer Bestattung ist eine Aufgabe, die die meisten von uns nur ein- oder zweimal in ihrem Leben zu bew\u00e4ltigen haben. Dadurch fehlen uns nat\u00fcrlich die Erfahrungen, die wir bei &#8220;normalen&#8221; Gesch\u00e4ftsvorg\u00e4ngen sammeln k\u00f6nnen. Dann kommt noch hinzu, dass wir im Anlassfall gar keine Wahl haben &#8211; wir k\u00f6nnen die Erteilung des Bestattungsauftrages ja nicht beliebig verschieben. Auch werden die meisten von uns beim Verlust eines geliebten Menschen emotional belastet sein. In so einer Situation das Thema Geld anzusprechen, f\u00e4llt den Betroffenen naturgem\u00e4\u00df schwer.<br \/>\nWenn dann &#8211; nachdem alles vorbei ist &#8211; die Rechnung vom Bestatter kommt, stellen wir uns vielleicht die Frage: <\/p>\n<ul>\n<li>&nbsp;&#8211;&nbsp;Haben wir das wirklich alles bestellt?<\/li>\n<li>&nbsp;&#8211;&nbsp;Ist der Preis f\u00fcr diese oder jene Leistung wirklich angebracht?<\/li>\n<\/ul>\n<p>Und der Bestatter ist ja nicht der Einzige, der bei einem Todesfall Kosten verursacht: Da gibt es noch den Steinmetz, den Floristen, den Friedhof, die Tageszeitung, das Krematorium etc. etc.<\/p>\n<p>Bei uns kosten die meisten Beerdigungen zwischen <b>\u20ac 1.500<\/b> und <b>\u20ac 4.200<\/B>. Darin enthalten sind Bestatter, Tageszeitung und Krematorium. In jedem Fall werden wir uns bem\u00fchen, Ihnen die zu erwartenden Kosten schon bei Auftragserteilung detailliert mitzuteilen. Dann ist es n\u00e4mlich noch m\u00f6glich einzelne Leistungen anzupassen oder ganz wegzulassen. <\/p>\n<p>Eine w\u00fcrdevolle und stimmige Beerdigungsfeier ist auch m\u00f6glich, wenn das verf\u00fcgbare Budget nicht sehr gro\u00df ist.<\/p>\n<\/div>\n","protected":false},"excerpt":{"rendered":"<p>Die Organisation einer Bestattung ist eine Aufgabe, die die meisten von uns nur ein- oder zweimal in ihrem Leben zu bew\u00e4ltigen haben. Dadurch fehlen uns nat\u00fcrlich die Erfahrungen, die wir bei &#8220;normalen&#8221; Gesch\u00e4ftsvorg\u00e4ngen sammeln k\u00f6nnen. Dann kommt noch hinzu, dass wir im Anlassfall gar keine Wahl haben &#8211; wir k\u00f6nnen die Erteilung des Bestattungsauftrages ja &hellip; <a href=\"https:\/\/mueller-bestattung.at\/index.php\/kosten\/\" class=\"more-link\"><span class=\"screen-reader-text\">Kosten<\/span> weiterlesen<\/a><\/p>\n","protected":false},"author":2,"featured_media":0,"parent":0,"menu_order":0,"comment_status":"closed","ping_status":"closed","template":"","meta":{"footnotes":""},"class_list":["post-72","page","type-page","status-publish","hentry"],"_links":{"self":[{"href":"https:\/\/mueller-bestattung.at\/index.php\/wp-json\/wp\/v2\/pages\/72","targetHints":{"allow":["GET"]}}],"collection":[{"href":"https:\/\/mueller-bestattung.at\/index.php\/wp-json\/wp\/v2\/pages"}],"about":[{"href":"https:\/\/mueller-bestattung.at\/index.php\/wp-json\/wp\/v2\/types\/page"}],"author":[{"embeddable":true,"href":"https:\/\/mueller-bestattung.at\/index.php\/wp-json\/wp\/v2\/users\/2"}],"replies":[{"embeddable":true,"href":"https:\/\/mueller-bestattung.at\/index.php\/wp-json\/wp\/v2\/comments?post=72"}],"version-history":[{"count":0,"href":"https:\/\/mueller-bestattung.at\/index.php\/wp-json\/wp\/v2\/pages\/72\/revisions"}],"wp:attachment":[{"href":"https:\/\/mueller-bestattung.at\/index.php\/wp-json\/wp\/v2\/media?parent=72"}],"curies":[{"name":"wp","href":"https:\/\/api.w.org\/{rel}","templated":true}]}}