{"id":769,"date":"2018-03-14T18:28:03","date_gmt":"2018-03-14T18:28:03","guid":{"rendered":"https:\/\/mueller-bestattung.at\/?page_id=769"},"modified":"2026-02-16T14:42:15","modified_gmt":"2026-02-16T14:42:15","slug":"trauerbilfrt","status":"publish","type":"page","link":"https:\/\/mueller-bestattung.at\/index.php\/trauerbilfrt\/","title":{"rendered":"Trauerbilder"},"content":{"rendered":"<div align=\"justify\">\nTrauerbilder sind ein wichtiger Bestandteil der Trauerkultur im alpenl\u00e4ndischen Raum. Wir stellen Ihnen zahlreiche vorgefertigte Motive f\u00fcr die &#8216;Sterbebildchen&#8217; zur Verf\u00fcgung. Sehr oft w\u00fcnschen die Angeh\u00f6rigen aber ein individuelles Motiv, das einen Bezug zum Verstorbenen zum Ausdruck bringt: Seien es Fotos, Zeichnungen oder Gem\u00e4lde die der Verstorbene erstellt hat, aber auch Bilder des geliebten Gartens oder des sorgsam gehegten Oldtimers z\u00e4hlen dazu.<\/div>\n<p><\/p>\n<table class=\"formtable\" style=\"padding-top:10px;padding-left:10px;padding-bottom:10px;border-spacing: 5px;\">\n<tr>\n<td>\n[xyz-ips snippet=&#8221;Trauerbilder&#8221;]\n<\/td>\n<\/tr>\n<\/table>\n","protected":false},"excerpt":{"rendered":"<p>Trauerbilder sind ein wichtiger Bestandteil der Trauerkultur im alpenl\u00e4ndischen Raum. Wir stellen Ihnen zahlreiche vorgefertigte Motive f\u00fcr die &#8216;Sterbebildchen&#8217; zur Verf\u00fcgung. Sehr oft w\u00fcnschen die Angeh\u00f6rigen aber ein individuelles Motiv, das einen Bezug zum Verstorbenen zum Ausdruck bringt: Seien es Fotos, Zeichnungen oder Gem\u00e4lde die der Verstorbene erstellt hat, aber auch Bilder des geliebten Gartens &hellip; <a href=\"https:\/\/mueller-bestattung.at\/index.php\/trauerbilfrt\/\" class=\"more-link\"><span class=\"screen-reader-text\">Trauerbilder<\/span> weiterlesen<\/a><\/p>\n","protected":false},"author":2,"featured_media":0,"parent":0,"menu_order":0,"comment_status":"closed","ping_status":"closed","template":"","meta":{"footnotes":""},"class_list":["post-769","page","type-page","status-publish","hentry"],"_links":{"self":[{"href":"https:\/\/mueller-bestattung.at\/index.php\/wp-json\/wp\/v2\/pages\/769","targetHints":{"allow":["GET"]}}],"collection":[{"href":"https:\/\/mueller-bestattung.at\/index.php\/wp-json\/wp\/v2\/pages"}],"about":[{"href":"https:\/\/mueller-bestattung.at\/index.php\/wp-json\/wp\/v2\/types\/page"}],"author":[{"embeddable":true,"href":"https:\/\/mueller-bestattung.at\/index.php\/wp-json\/wp\/v2\/users\/2"}],"replies":[{"embeddable":true,"href":"https:\/\/mueller-bestattung.at\/index.php\/wp-json\/wp\/v2\/comments?post=769"}],"version-history":[{"count":0,"href":"https:\/\/mueller-bestattung.at\/index.php\/wp-json\/wp\/v2\/pages\/769\/revisions"}],"wp:attachment":[{"href":"https:\/\/mueller-bestattung.at\/index.php\/wp-json\/wp\/v2\/media?parent=769"}],"curies":[{"name":"wp","href":"https:\/\/api.w.org\/{rel}","templated":true}]}}