{"id":77,"date":"2018-03-08T11:09:10","date_gmt":"2018-03-08T11:09:10","guid":{"rendered":"https:\/\/mueller-bestattung.at\/?page_id=77"},"modified":"2026-02-16T14:42:39","modified_gmt":"2026-02-16T14:42:39","slug":"vorsorge","status":"publish","type":"page","link":"https:\/\/mueller-bestattung.at\/index.php\/vorsorge\/","title":{"rendered":"Vorsorge"},"content":{"rendered":"<audio class=\"wp-audio-shortcode\" id=\"audio-77-1\" preload=\"none\" style=\"width: 100%;\" controls=\"controls\"><source type=\"audio\/mpeg\" src=\"https:\/\/platzer-bestattung.at\/voices\/vorsorge.mp3?_=1\" \/><a href=\"https:\/\/platzer-bestattung.at\/voices\/vorsorge.mp3\">https:\/\/platzer-bestattung.at\/voices\/vorsorge.mp3<\/a><\/audio>\n<div align=\"justify\">Um Angeh\u00f6rigen im Fall des eigenen Todes Entscheidungen und Erledigungen zu erleichtern, gibt es mehrere M\u00f6glichkeiten der Vorsorge:<\/p>\n<ul>\n<li class=\"butterfly\">Sie geben Ihre eigenen W\u00fcnsche zu Lebzeiten bei uns in Auftrag.<\/li>\n<\/ul>\n<ul>\n<li class=\"butterfly\">Sie schlie\u00dfen einen Vorsorgevertrag mit einer Versicherung ab z. B. dem <a title=\"Wiener Verein\" href=\"http:\/\/www.wienerverein.at\/\" target=\"_blank\" rel=\"noopener noreferrer\">Wiener Verein<\/a>.<\/li>\n<\/ul>\n<ul>\n<li class=\"butterfly\">Sie treffen eine schriftliche Vereinbarung mit einem Notar oder mit einer Vertrauensperson.<\/li>\n<\/ul>\n<p>Die Entscheidungen \u00fcber die Art der Bestattung (Erd- oder Feuerbestattung), \u00fcber den Ablauf der Trauerfeier sowie \u00fcber die Formulierung des Partentextes sollten nicht in ein Testament aufgenommen werden, da dies m\u00f6glicherweise erst nach der Bestattungsdurchf\u00fchrung ge\u00f6ffnet wird. Halten Sie pers\u00f6nliche W\u00fcnsche schriftlich fest und legen Sie diese Schriftst\u00fccke zu jenen Dokumenten, die anl\u00e4sslich des Todesfalles ben\u00f6tigt werden, das sind die Geburtsurkunde, der Staatsb\u00fcrgerschaftsnachweis und die Heiratsurkunde bzw. das Scheidungsdekret.<br \/>\nImmer mehr Menschen machen sich Gedanken \u00fcber ihre eigene Bestattung und die Trauerfeierlichkeiten und planen diese auch nach ihren Vorstellungen. Vereinbaren Sie einen Termin mit uns, wir beraten Sie gerne hinsichtlich der M\u00f6glichkeiten und der Kosten. Selbstverst\u00e4ndlich k\u00f6nnen Sie Ihre W\u00fcnsche im Rahmen eines Vorsorgevertrages bei uns hinterlegen und wenn Sie m\u00f6chten auch schon bezahlen.<br \/>\nEin Todesfall in der Familie kann ohne rechtzeitige Vorsorge zu finanziellen Schwierigkeiten f\u00fchren. Durch unsere Erfahrung als Kooperationspartner des&nbsp;<a href=\"http:\/\/www.wienerverein.at\/\">Wiener Vereins<\/a>&nbsp;k\u00f6nnen wir Ihnen speziell f\u00fcr den Ablebensfall eine Bestattungsvorsorge \u00fcber den Wiener Verein w\u00e4rmstens empfehlen.<br \/>\nWenn der Todesfall au\u00dferhalb des st\u00e4ndigen Wohnortes eintritt, werden die \u00dcberf\u00fchrungen weltweit im Rahmen einer Bestattungsvorsorge durch den&nbsp;<a title=\"Wiener Verein\" href=\"http:\/\/www.wienerverein.at\/\" target=\"_blank\" rel=\"noopener noreferrer\">Wiener Verein<\/a>&nbsp;veranlasst und die Kosten daf\u00fcr \u00fcbernommen.<\/p>\n<p><strong>Die Grabpflege<\/strong><br \/>\nDer Grabpflege nachzukommen ist f\u00fcr viele Angeh\u00f6rige aus pers\u00f6nlichen Gr\u00fcnden oder \u00f6rtlichen Gegebenheiten oft nicht m\u00f6glich. Erschwerend kommt hinzu, dass unter Umst\u00e4nden keine Verwandtschaft vorhanden ist, die diese Aufgabe \u00fcbernehmen k\u00f6nnte. Neben den Bestattungs- und \u00dcberf\u00fchrungskosten \u00fcbernimmt der <a href=\"http:\/\/www.wienerverein.at\/\">Wiener Vereins<\/a> gegen Bezahlung einer zus\u00e4tzlichen Pr\u00e4mie auch die Kosten der Grabpflege.<\/p>\n<\/div>\n","protected":false},"excerpt":{"rendered":"<p>Um Angeh\u00f6rigen im Fall des eigenen Todes Entscheidungen und Erledigungen zu erleichtern, gibt es mehrere M\u00f6glichkeiten der Vorsorge: Sie geben Ihre eigenen W\u00fcnsche zu Lebzeiten bei uns in Auftrag. Sie schlie\u00dfen einen Vorsorgevertrag mit einer Versicherung ab z. B. dem Wiener Verein. Sie treffen eine schriftliche Vereinbarung mit einem Notar oder mit einer Vertrauensperson. Die &hellip; <a href=\"https:\/\/mueller-bestattung.at\/index.php\/vorsorge\/\" class=\"more-link\"><span class=\"screen-reader-text\">Vorsorge<\/span> weiterlesen<\/a><\/p>\n","protected":false},"author":2,"featured_media":0,"parent":0,"menu_order":0,"comment_status":"closed","ping_status":"closed","template":"","meta":{"footnotes":""},"class_list":["post-77","page","type-page","status-publish","hentry"],"_links":{"self":[{"href":"https:\/\/mueller-bestattung.at\/index.php\/wp-json\/wp\/v2\/pages\/77","targetHints":{"allow":["GET"]}}],"collection":[{"href":"https:\/\/mueller-bestattung.at\/index.php\/wp-json\/wp\/v2\/pages"}],"about":[{"href":"https:\/\/mueller-bestattung.at\/index.php\/wp-json\/wp\/v2\/types\/page"}],"author":[{"embeddable":true,"href":"https:\/\/mueller-bestattung.at\/index.php\/wp-json\/wp\/v2\/users\/2"}],"replies":[{"embeddable":true,"href":"https:\/\/mueller-bestattung.at\/index.php\/wp-json\/wp\/v2\/comments?post=77"}],"version-history":[{"count":0,"href":"https:\/\/mueller-bestattung.at\/index.php\/wp-json\/wp\/v2\/pages\/77\/revisions"}],"wp:attachment":[{"href":"https:\/\/mueller-bestattung.at\/index.php\/wp-json\/wp\/v2\/media?parent=77"}],"curies":[{"name":"wp","href":"https:\/\/api.w.org\/{rel}","templated":true}]}}