{"id":88,"date":"2018-03-08T21:18:58","date_gmt":"2018-03-08T21:18:58","guid":{"rendered":"https:\/\/mueller-bestattung.at\/?page_id=88"},"modified":"2026-02-16T14:23:22","modified_gmt":"2026-02-16T14:23:22","slug":"saerge","status":"publish","type":"page","link":"https:\/\/mueller-bestattung.at\/index.php\/saerge\/","title":{"rendered":"S\u00e4rge"},"content":{"rendered":"<div align=\"justify\">Unsere S\u00e4rge stammen aus \u00f6sterreichischer Produktion. Unser Lieferant, die <a href=\"http:\/\/www.jedertraumhateinende.at\/\">Moser Holzindustrie<\/a> im Salzburger Lungau ist der gr\u00f6\u00dfte heimische Sargproduzent und beliefert uns seit 1994.<br \/>\nNachfolgend sehen Sie unsere lagernden Modelle. Schauen Sie aber bitte auch auf der Homepage der Firma Moser nach einem passenden Sarg &#8211; allerdings m\u00fcssen Sie mit Lieferzeiten bis zu sieben Werktagen rechnen!<br \/>\nSie bekommen \u00fcbrigens alle Modelle &#8211; wenn gew\u00fcnscht &#8211; mit Griffen.<\/div>\n<table class=\"formtable\" style=\"padding-top: 10px; padding-left: 10px; padding-bottom: 10px; border-spacing: 5px;\">\n<tbody>\n<tr>\n<td>[xyz-ips snippet=&#8221;Saerge&#8221;]<\/td>\n<\/tr>\n<\/tbody>\n<\/table>\n","protected":false},"excerpt":{"rendered":"<p>Unsere S\u00e4rge stammen aus \u00f6sterreichischer Produktion. Unser Lieferant, die Moser Holzindustrie im Salzburger Lungau ist der gr\u00f6\u00dfte heimische Sargproduzent und beliefert uns seit 1994. Nachfolgend sehen Sie unsere lagernden Modelle. Schauen Sie aber bitte auch auf der Homepage der Firma Moser nach einem passenden Sarg &#8211; allerdings m\u00fcssen Sie mit Lieferzeiten bis zu sieben Werktagen &hellip; <a href=\"https:\/\/mueller-bestattung.at\/index.php\/saerge\/\" class=\"more-link\"><span class=\"screen-reader-text\">S\u00e4rge<\/span> weiterlesen<\/a><\/p>\n","protected":false},"author":2,"featured_media":0,"parent":0,"menu_order":0,"comment_status":"closed","ping_status":"closed","template":"","meta":{"footnotes":""},"class_list":["post-88","page","type-page","status-publish","hentry"],"_links":{"self":[{"href":"https:\/\/mueller-bestattung.at\/index.php\/wp-json\/wp\/v2\/pages\/88","targetHints":{"allow":["GET"]}}],"collection":[{"href":"https:\/\/mueller-bestattung.at\/index.php\/wp-json\/wp\/v2\/pages"}],"about":[{"href":"https:\/\/mueller-bestattung.at\/index.php\/wp-json\/wp\/v2\/types\/page"}],"author":[{"embeddable":true,"href":"https:\/\/mueller-bestattung.at\/index.php\/wp-json\/wp\/v2\/users\/2"}],"replies":[{"embeddable":true,"href":"https:\/\/mueller-bestattung.at\/index.php\/wp-json\/wp\/v2\/comments?post=88"}],"version-history":[{"count":0,"href":"https:\/\/mueller-bestattung.at\/index.php\/wp-json\/wp\/v2\/pages\/88\/revisions"}],"wp:attachment":[{"href":"https:\/\/mueller-bestattung.at\/index.php\/wp-json\/wp\/v2\/media?parent=88"}],"curies":[{"name":"wp","href":"https:\/\/api.w.org\/{rel}","templated":true}]}}