{"id":967,"date":"2018-03-15T13:03:40","date_gmt":"2018-03-15T13:03:40","guid":{"rendered":"https:\/\/mueller-bestattung.at\/?page_id=967"},"modified":"2026-02-16T14:26:39","modified_gmt":"2026-02-16T14:26:39","slug":"team-2","status":"publish","type":"page","link":"https:\/\/mueller-bestattung.at\/index.php\/team-2\/","title":{"rendered":"wir stellen uns vor &#8230;"},"content":{"rendered":"<table class=\"formtable\">\n<tr>\n<td>\n<img decoding=\"async\" class=\"foto zoomify\" src=\"https:\/\/mueller-bestattung.at\/wp-content\/uploads\/2018\/03\/MartinFolder.jpg\" alt=\"bestattung-mueller\" width=\"200\" \/>\n<\/td>\n<td style=\"vertical-align: top; padding-left: 10px; width:85%\">\n<div align=\"justify\">\n<div style=\"font-size:20px;\">Mag. Martin M\u00fcller<\/div>\n<p>Betriebswirt und gepr\u00fcfter Bestatter<br \/>\n<br \/>\nIch bin die 5. Generation in mener Familie, die diesen Beruf aus\u00fcbt.<br \/>\nAls Sohn von Frau Ingeborg Neumair habe ich bereits von Kindesbeinen an Kontakt zum Bestattungsgewerbe. Nach einem Studium der Betriebswirtschaft und einigen Jahren T\u00e4tigkeit bei einer Bank bin ich nun seit 1994 in diesem Beruf t\u00e4tig. Inzwischen bin ich \u00fcbrigens der l\u00e4ngst dienende Bestatter in Innsbruck.<br \/>\n<\/div>\n<div align=\"right\"><\/div>\n<\/td>\n<\/tr>\n<tr>\n<td>\n<img decoding=\"async\" class=\"foto zoomify\" src=\"https:\/\/mueller-bestattung.at\/wp-content\/uploads\/2018\/03\/sabine_dablander.jpg\" alt=\"bestattung-mueller\" width=\"200\" \/>\n<\/td>\n<td style=\"vertical-align: top; padding-left: 10px; width:85%\">\n<div align=\"justify\">\n<div style=\"font-size:20px;\">Sabine Dablander<\/div>\n<p>&nbsp;<br \/>\nSabines T\u00e4tigkeitsbereich umfasst alle Arbeiten im Innendienst: sie f\u00fchrt Aufnahmegespr\u00e4che, erstellt Drucksorten und koordiniert die Termine f\u00fcr Trauerfeiern. Ihre aufmerksame und ruhige Art bewahrt sie auch in schwierigen und mitunter stressigen Situationen. Mit ihrer Freundlichkeit und Gewissenhaftigkeit erleichtert sie trauernden Angeh\u00f6rigen die Gespr\u00e4che \u00fcber Art und Organisation des Abschieds.<\/div>\n<\/td>\n<\/tr>\n<tr>\n<td>\n<img decoding=\"async\" class=\"foto zoomify\" src=\"https:\/\/mueller-bestattung.at\/wp-content\/uploads\/2018\/03\/Martin_Muehlmann.jpg\" alt=\"bestattung-mueller\" width=\"200\" \/>\n<\/td>\n<td style=\"vertical-align: top; padding-left: 10px; width:85%\">\n<div align=\"justify\">\n<div style=\"font-size:20px;\">Martin M\u00fchlmann<\/div>\n<p>gepr. Bestatter, Thanatopraktiker i. A.<br \/>\n<br \/>\nMartin unser langj\u00e4hriger leitender Au\u00dfendienst-mitarbeiter mit viel Gesp\u00fcr und Erfahrung. Er ist verantwortlich f\u00fcr die respektvolle Arbeit bei Ab-holungen und Transporten von Verstorbenen und deren professioneller Versorgung. Am Friedhof leitet er mit gro\u00dfer Sorgfalt die Aufbahrungst\u00e4tigkeiten und den Kondukt bei den Trauerfeierlichkeiten.\n<\/div>\n<\/td>\n<\/tr>\n<tr>\n<td>\n<img decoding=\"async\" class=\"foto zoomify\" src=\"https:\/\/mueller-bestattung.at\/wp-content\/uploads\/2018\/03\/Thomas_Baldauf.jpg\" alt=\"bestattung-mueller\" width=\"200\" \/>\n<\/td>\n<td style=\"vertical-align: top; padding-left: 10px; width:85%\">\n<div align=\"justify\">\n<div style=\"font-size:20px;\">Mag. Thomas Baldauf<\/div>\n<p>&nbsp;<br \/>\nNach seinem Studium der Altorientalistik und einigen Jahren T\u00e4tigkeit an der Uni Innsbruck hat Thomas die Erforschung der Keilschrift zugunsten der praktischen T\u00e4tigkeit als Bestatter hintangestellt. In unserem Unternehmen ist er vor allem im Au\u00dfendienst t\u00e4tig. Wir sch\u00e4tzen seine Verl\u00e4sslichkeit, seinen empathischen Umgang mit Angeh\u00f6rigen und seinen respektvollen Umgang mit Verstorbenen.<\/div>\n<\/td>\n<\/tr>\n<\/table>\n","protected":false},"excerpt":{"rendered":"<p>Mag. Martin M\u00fcller Betriebswirt und gepr\u00fcfter Bestatter Ich bin die 5. Generation in mener Familie, die diesen Beruf aus\u00fcbt. Als Sohn von Frau Ingeborg Neumair habe ich bereits von Kindesbeinen an Kontakt zum Bestattungsgewerbe. Nach einem Studium der Betriebswirtschaft und einigen Jahren T\u00e4tigkeit bei einer Bank bin ich nun seit 1994 in diesem Beruf t\u00e4tig. &hellip; <a href=\"https:\/\/mueller-bestattung.at\/index.php\/team-2\/\" class=\"more-link\"><span class=\"screen-reader-text\">wir stellen uns vor &#8230;<\/span> weiterlesen<\/a><\/p>\n","protected":false},"author":2,"featured_media":0,"parent":0,"menu_order":0,"comment_status":"closed","ping_status":"closed","template":"","meta":{"footnotes":""},"class_list":["post-967","page","type-page","status-publish","hentry"],"_links":{"self":[{"href":"https:\/\/mueller-bestattung.at\/index.php\/wp-json\/wp\/v2\/pages\/967","targetHints":{"allow":["GET"]}}],"collection":[{"href":"https:\/\/mueller-bestattung.at\/index.php\/wp-json\/wp\/v2\/pages"}],"about":[{"href":"https:\/\/mueller-bestattung.at\/index.php\/wp-json\/wp\/v2\/types\/page"}],"author":[{"embeddable":true,"href":"https:\/\/mueller-bestattung.at\/index.php\/wp-json\/wp\/v2\/users\/2"}],"replies":[{"embeddable":true,"href":"https:\/\/mueller-bestattung.at\/index.php\/wp-json\/wp\/v2\/comments?post=967"}],"version-history":[{"count":0,"href":"https:\/\/mueller-bestattung.at\/index.php\/wp-json\/wp\/v2\/pages\/967\/revisions"}],"wp:attachment":[{"href":"https:\/\/mueller-bestattung.at\/index.php\/wp-json\/wp\/v2\/media?parent=967"}],"curies":[{"name":"wp","href":"https:\/\/api.w.org\/{rel}","templated":true}]}}